{"id":14,"date":"2021-11-21T15:14:19","date_gmt":"2021-11-21T15:14:19","guid":{"rendered":"https:\/\/english-teacher-budapest.eu\/about\/"},"modified":"2023-08-23T22:02:12","modified_gmt":"2023-08-23T22:02:12","slug":"why-my-teaching-is-not-traditional","status":"publish","type":"page","link":"https:\/\/english-teacher-budapest.eu\/hu\/why-my-teaching-is-not-traditional\/","title":{"rendered":"Modern oktat\u00e1si met\u00f3dus"},"content":{"rendered":"<div data-elementor-type=\"wp-page\" data-elementor-id=\"14\" class=\"elementor elementor-14\">\n\t\t\t\t\t\t<section class=\"elementor-section elementor-top-section elementor-element elementor-element-6fab630e elementor-section-height-min-height elementor-section-boxed elementor-section-height-default elementor-section-items-middle\" data-id=\"6fab630e\" data-element_type=\"section\" data-e-type=\"section\" data-settings=\"{&quot;background_background&quot;:&quot;classic&quot;}\">\n\t\t\t\t\t\t<div class=\"elementor-container elementor-column-gap-default\">\n\t\t\t\t\t<div class=\"elementor-column elementor-col-100 elementor-top-column elementor-element elementor-element-29572031\" data-id=\"29572031\" data-element_type=\"column\" data-e-type=\"column\">\n\t\t\t<div class=\"elementor-widget-wrap elementor-element-populated\">\n\t\t\t\t\t\t<div class=\"elementor-element elementor-element-76ba060f elementor-widget elementor-widget-heading\" data-id=\"76ba060f\" data-element_type=\"widget\" data-e-type=\"widget\" data-widget_type=\"heading.default\">\n\t\t\t\t<div class=\"elementor-widget-container\">\n\t\t\t\t\t<h1 class=\"elementor-heading-title elementor-size-default\">Saj\u00e1tos, modern oktat\u00e1si m\u00f3dszerem<\/h1>\t\t\t\t<\/div>\n\t\t\t\t<\/div>\n\t\t\t\t\t<\/div>\n\t\t<\/div>\n\t\t\t\t\t<\/div>\n\t\t<\/section>\n\t\t\t\t<section class=\"elementor-section elementor-top-section elementor-element elementor-element-1d333caa elementor-section-full_width elementor-section-height-default elementor-section-height-default\" data-id=\"1d333caa\" data-element_type=\"section\" data-e-type=\"section\" data-settings=\"{&quot;background_background&quot;:&quot;classic&quot;}\">\n\t\t\t\t\t\t<div class=\"elementor-container elementor-column-gap-default\">\n\t\t\t\t\t<div class=\"elementor-column elementor-col-100 elementor-top-column elementor-element elementor-element-68c7feb9\" data-id=\"68c7feb9\" data-element_type=\"column\" data-e-type=\"column\">\n\t\t\t<div class=\"elementor-widget-wrap elementor-element-populated\">\n\t\t\t\t\t\t<section class=\"elementor-section elementor-inner-section elementor-element elementor-element-19a8f2f8 elementor-section-boxed elementor-section-height-default elementor-section-height-default\" data-id=\"19a8f2f8\" data-element_type=\"section\" data-e-type=\"section\">\n\t\t\t\t\t\t<div class=\"elementor-container elementor-column-gap-default\">\n\t\t\t\t\t<div class=\"elementor-column elementor-col-100 elementor-inner-column elementor-element elementor-element-64afacac\" data-id=\"64afacac\" data-element_type=\"column\" data-e-type=\"column\">\n\t\t\t<div class=\"elementor-widget-wrap elementor-element-populated\">\n\t\t\t\t\t\t<div class=\"elementor-element elementor-element-5aeb2d elementor-widget elementor-widget-text-editor\" data-id=\"5aeb2d\" data-element_type=\"widget\" data-e-type=\"widget\" data-widget_type=\"text-editor.default\">\n\t\t\t\t<div class=\"elementor-widget-container\">\n\t\t\t\t\t\t\t\t\t<p><span class=\"C9DxTc\">Szinte mindig feln\u0151tteket tan\u00edtottam. Kezdetben hagyom\u00e1nyos nyelvtani tan\u00edt\u00e1si m\u00f3dszerekkel tan\u00edtottam. \u00dagy tal\u00e1ltam azonban, hogy a \"12 id\u0151m\u00e9rt\u00e9k\" bevett tan\u00edt\u00e1si m\u00f3dszere nem el\u00e9gs\u00e9ges ahhoz, hogy a tanul\u00f3k meg\u00e9rts\u00e9k, mikor \u00e9s hogyan haszn\u00e1lja az angol nyelv az id\u0151m\u00e9rt\u00e9keket. V\u00e9lem\u00e9nyem szerint a \"12 igeid\u0151\" modell hib\u00e1s. Alapj\u00e1ban v\u00e9ve helytelen \u00e9s f\u00e9lrevezet\u0151. Amit mondunk, \u00e9s azt, hogy mi\u00e9rt \u00e9s hogyan mondjuk, a jelent\u00e9s hat\u00e1rozza meg. Ezzel nem foglalkoznak az \u00e1ltalam olvasott tan\u00edt\u00e1si tank\u00f6nyvek. Ez\u00e9rt fejlesztettem ki a saj\u00e1t jelent\u00e9salap\u00fa tan\u00edt\u00e1si rendszeremet.\u00a0<\/span><\/p><p>\u00a0<\/p><p><span class=\"C9DxTc\">K\u00e9s\u0151bb a k\u00f6r\u00fclm\u00e9nyek arra vezettek, hogy egyb p\u00e1r viszonylag kisgyerekeket tan\u00edtsak. Sz\u00fcks\u00e9gem volt egy olyan tanfolyamra, amely az alapvet\u0151 \u00e1b\u00e9c\u00e9t \u00e9s az abszol\u00fat alapokat tan\u00edtotta, amihez feln\u0151ttek tan\u00e1rak\u00e9nt nem voltam hozz\u00e1szokva. Az \"English for Everyone Junior\" tanfolyamk\u00f6nyveket haszn\u00e1ltam fel. Ez vezetett a magasabb szint\u0171 E.F.E. 1-4. k\u00f6nyvekhez \u00e9s az \u00fczleti angol sorozathoz, \u00e9s ez \u00f6sszeolvadt a tapasztalataimmal.\u00a0<\/span><\/p><p>\u00a0<\/p><p><span class=\"C9DxTc\">Azt tapasztaltam, hogy a nyelvtani\/jelent\u00e9sre \u00e9p\u00fcl\u0151 tan\u00edt\u00e1s \u00e9s az eg\u00e9szen egyszer\u0171 mondatok puszta ism\u00e9tl\u00e9se szint\u00e9zise megsz\u00fcntette az alapvet\u0151 hib\u00e1kat - f\u00fcggetlen\u00fcl att\u00f3l, hogy a tanul\u00f3 alacsony vagy magas szinten volt. Ez a technika gyakran j\u00f3l m\u0171k\u00f6dik a magas szint\u0171 besz\u00e9l\u0151kn\u00e9l, akik folyamatosan alapvet\u0151 hib\u00e1kat k\u00f6vetnek el. Ebbe a csoportba szinte minden szakember (orvosok\/\u00fcgyv\u00e9dek stb.) beletartozik.<\/span><\/p>\t\t\t\t\t\t\t\t<\/div>\n\t\t\t\t<\/div>\n\t\t\t\t\t<\/div>\n\t\t<\/div>\n\t\t\t\t\t<\/div>\n\t\t<\/section>\n\t\t\t\t<section class=\"elementor-section elementor-inner-section elementor-element elementor-element-8f19bcb elementor-section-boxed elementor-section-height-default elementor-section-height-default\" data-id=\"8f19bcb\" data-element_type=\"section\" data-e-type=\"section\">\n\t\t\t\t\t\t<div class=\"elementor-container elementor-column-gap-default\">\n\t\t\t\t\t<div class=\"elementor-column elementor-col-100 elementor-inner-column elementor-element elementor-element-6550acd5\" data-id=\"6550acd5\" data-element_type=\"column\" data-e-type=\"column\">\n\t\t\t<div class=\"elementor-widget-wrap elementor-element-populated\">\n\t\t\t\t\t\t<div class=\"elementor-element elementor-element-6dc60787 elementor-align-justify elementor-widget__width-initial elementor-widget elementor-widget-button\" data-id=\"6dc60787\" data-element_type=\"widget\" data-e-type=\"widget\" data-widget_type=\"button.default\">\n\t\t\t\t<div class=\"elementor-widget-container\">\n\t\t\t\t\t\t\t\t\t<div class=\"elementor-button-wrapper\">\n\t\t\t\t\t<a class=\"elementor-button elementor-button-link elementor-size-xl\" href=\"https:\/\/english-teacher-budapest.eu\/hu\/\">\n\t\t\t\t\t\t<span class=\"elementor-button-content-wrapper\">\n\t\t\t\t\t\t\t\t\t<span class=\"elementor-button-text\">F\u0151oldal<\/span>\n\t\t\t\t\t<\/span>\n\t\t\t\t\t<\/a>\n\t\t\t\t<\/div>\n\t\t\t\t\t\t\t\t<\/div>\n\t\t\t\t<\/div>\n\t\t\t\t\t<\/div>\n\t\t<\/div>\n\t\t\t\t\t<\/div>\n\t\t<\/section>\n\t\t\t\t\t<\/div>\n\t\t<\/div>\n\t\t\t\t\t<\/div>\n\t\t<\/section>\n\t\t\t\t<\/div>","protected":false},"excerpt":{"rendered":"<p>Why my teaching method is not purely traditional I have nearly always taught adults. Initially I taught using traditional grammar teaching methods.\u00a0 However, I found that the established teaching methodology of the &#8220;12 tenses&#8221; fell short of giving students an understanding of when and how English uses the tenses. In my opinion, the &#8220;12 tense&#8221; &hellip;<\/p>\n<p class=\"read-more\"> <a class=\"\" href=\"https:\/\/english-teacher-budapest.eu\/hu\/why-my-teaching-is-not-traditional\/\"> <span class=\"screen-reader-text\">Modern oktat\u00e1si met\u00f3dus<\/span> Read More &raquo;<\/a><\/p>","protected":false},"author":1,"featured_media":0,"parent":0,"menu_order":0,"comment_status":"closed","ping_status":"closed","template":"","meta":{"site-sidebar-layout":"no-sidebar","site-content-layout":"page-builder","ast-site-content-layout":"","site-content-style":"default","site-sidebar-style":"default","ast-global-header-display":"","ast-banner-title-visibility":"","ast-main-header-display":"","ast-hfb-above-header-display":"","ast-hfb-below-header-display":"","ast-hfb-mobile-header-display":"","site-post-title":"disabled","ast-breadcrumbs-content":"","ast-featured-img":"disabled","footer-sml-layout":"","theme-transparent-header-meta":"disabled","adv-header-id-meta":"","stick-header-meta":"enabled","header-above-stick-meta":"","header-main-stick-meta":"disabled","header-below-stick-meta":"","astra-migrate-meta-layouts":"","footnotes":""},"class_list":["post-14","page","type-page","status-publish","hentry"],"_links":{"self":[{"href":"https:\/\/english-teacher-budapest.eu\/hu\/wp-json\/wp\/v2\/pages\/14","targetHints":{"allow":["GET"]}}],"collection":[{"href":"https:\/\/english-teacher-budapest.eu\/hu\/wp-json\/wp\/v2\/pages"}],"about":[{"href":"https:\/\/english-teacher-budapest.eu\/hu\/wp-json\/wp\/v2\/types\/page"}],"author":[{"embeddable":true,"href":"https:\/\/english-teacher-budapest.eu\/hu\/wp-json\/wp\/v2\/users\/1"}],"replies":[{"embeddable":true,"href":"https:\/\/english-teacher-budapest.eu\/hu\/wp-json\/wp\/v2\/comments?post=14"}],"version-history":[{"count":43,"href":"https:\/\/english-teacher-budapest.eu\/hu\/wp-json\/wp\/v2\/pages\/14\/revisions"}],"predecessor-version":[{"id":1821,"href":"https:\/\/english-teacher-budapest.eu\/hu\/wp-json\/wp\/v2\/pages\/14\/revisions\/1821"}],"wp:attachment":[{"href":"https:\/\/english-teacher-budapest.eu\/hu\/wp-json\/wp\/v2\/media?parent=14"}],"curies":[{"name":"wp","href":"https:\/\/api.w.org\/{rel}","templated":true}]}}