{"id":1502,"date":"2023-08-13T22:25:20","date_gmt":"2023-08-13T22:25:20","guid":{"rendered":"https:\/\/english-teacher-budapest.eu\/?page_id=1502"},"modified":"2023-09-08T18:53:14","modified_gmt":"2023-09-08T18:53:14","slug":"how-the-lessons-work","status":"publish","type":"page","link":"https:\/\/english-teacher-budapest.eu\/hu\/how-the-lessons-work\/","title":{"rendered":"Egy \u00e1tlagos \u00f3ra"},"content":{"rendered":"<div data-elementor-type=\"wp-page\" data-elementor-id=\"1502\" class=\"elementor elementor-1502\">\n\t\t\t\t\t\t<section class=\"elementor-section elementor-top-section elementor-element elementor-element-4859fdc5 elementor-section-height-min-height elementor-section-boxed elementor-section-height-default elementor-section-items-middle\" data-id=\"4859fdc5\" data-element_type=\"section\" data-e-type=\"section\" data-settings=\"{&quot;background_background&quot;:&quot;classic&quot;}\">\n\t\t\t\t\t\t<div class=\"elementor-container elementor-column-gap-default\">\n\t\t\t\t\t<div class=\"elementor-column elementor-col-100 elementor-top-column elementor-element elementor-element-ee94baf\" data-id=\"ee94baf\" data-element_type=\"column\" data-e-type=\"column\">\n\t\t\t<div class=\"elementor-widget-wrap elementor-element-populated\">\n\t\t\t\t\t\t<div class=\"elementor-element elementor-element-2c8f03d6 elementor-widget elementor-widget-heading\" data-id=\"2c8f03d6\" data-element_type=\"widget\" data-e-type=\"widget\" data-widget_type=\"heading.default\">\n\t\t\t\t<div class=\"elementor-widget-container\">\n\t\t\t\t\t<h1 class=\"elementor-heading-title elementor-size-default\">Egy \u00e1tlagos \u00f3ra<\/h1>\t\t\t\t<\/div>\n\t\t\t\t<\/div>\n\t\t\t\t\t<\/div>\n\t\t<\/div>\n\t\t\t\t\t<\/div>\n\t\t<\/section>\n\t\t\t\t<section class=\"elementor-section elementor-top-section elementor-element elementor-element-49f1c4e1 elementor-section-full_width elementor-section-height-default elementor-section-height-default\" data-id=\"49f1c4e1\" data-element_type=\"section\" data-e-type=\"section\" data-settings=\"{&quot;background_background&quot;:&quot;classic&quot;}\">\n\t\t\t\t\t\t<div class=\"elementor-container elementor-column-gap-default\">\n\t\t\t\t\t<div class=\"elementor-column elementor-col-100 elementor-top-column elementor-element elementor-element-6f287f1f\" data-id=\"6f287f1f\" data-element_type=\"column\" data-e-type=\"column\">\n\t\t\t<div class=\"elementor-widget-wrap elementor-element-populated\">\n\t\t\t\t\t\t<section class=\"elementor-section elementor-inner-section elementor-element elementor-element-687d6432 elementor-section-boxed elementor-section-height-default elementor-section-height-default\" data-id=\"687d6432\" data-element_type=\"section\" data-e-type=\"section\">\n\t\t\t\t\t\t<div class=\"elementor-container elementor-column-gap-default\">\n\t\t\t\t\t<div class=\"elementor-column elementor-col-100 elementor-inner-column elementor-element elementor-element-7a9d2835\" data-id=\"7a9d2835\" data-element_type=\"column\" data-e-type=\"column\">\n\t\t\t<div class=\"elementor-widget-wrap elementor-element-populated\">\n\t\t\t\t\t\t<div class=\"elementor-element elementor-element-600e461c elementor-widget elementor-widget-text-editor\" data-id=\"600e461c\" data-element_type=\"widget\" data-e-type=\"widget\" data-widget_type=\"text-editor.default\">\n\t\t\t\t<div class=\"elementor-widget-container\">\n\t\t\t\t\t\t\t\t\t<p>A tan\u00edt\u00e1s h\u00e1rom \u00f6sszetev\u0151je:\u00a0<\/p>\t\t\t\t\t\t\t\t<\/div>\n\t\t\t\t<\/div>\n\t\t\t\t\t<\/div>\n\t\t<\/div>\n\t\t\t\t\t<\/div>\n\t\t<\/section>\n\t\t\t\t\t<\/div>\n\t\t<\/div>\n\t\t\t\t\t<\/div>\n\t\t<\/section>\n\t\t\t\t<section class=\"elementor-section elementor-top-section elementor-element elementor-element-4cbffbd5 elementor-section-boxed elementor-section-height-default elementor-section-height-default\" data-id=\"4cbffbd5\" data-element_type=\"section\" data-e-type=\"section\">\n\t\t\t\t\t\t<div class=\"elementor-container elementor-column-gap-default\">\n\t\t\t\t\t<div class=\"elementor-column elementor-col-100 elementor-top-column elementor-element elementor-element-443a2cee\" data-id=\"443a2cee\" data-element_type=\"column\" data-e-type=\"column\">\n\t\t\t<div class=\"elementor-widget-wrap elementor-element-populated\">\n\t\t\t\t\t\t<section class=\"elementor-section elementor-inner-section elementor-element elementor-element-651134e9 elementor-section-boxed elementor-section-height-default elementor-section-height-default\" data-id=\"651134e9\" data-element_type=\"section\" data-e-type=\"section\">\n\t\t\t\t\t\t<div class=\"elementor-container elementor-column-gap-default\">\n\t\t\t\t\t<div class=\"elementor-column elementor-col-33 elementor-inner-column elementor-element elementor-element-5c407c8a\" data-id=\"5c407c8a\" data-element_type=\"column\" data-e-type=\"column\">\n\t\t\t<div class=\"elementor-widget-wrap elementor-element-populated\">\n\t\t\t\t\t\t<div class=\"elementor-element elementor-element-2b302647 elementor-arrows-position-inside elementor-pagination-position-outside elementor-widget elementor-widget-image-carousel\" data-id=\"2b302647\" data-element_type=\"widget\" data-e-type=\"widget\" data-settings=\"{&quot;slides_to_show&quot;:&quot;1&quot;,&quot;autoplay&quot;:&quot;no&quot;,&quot;navigation&quot;:&quot;both&quot;,&quot;infinite&quot;:&quot;yes&quot;,&quot;effect&quot;:&quot;slide&quot;,&quot;speed&quot;:500}\" data-widget_type=\"image-carousel.default\">\n\t\t\t\t<div class=\"elementor-widget-container\">\n\t\t\t\t\t\t\t<div class=\"elementor-image-carousel-wrapper swiper\" role=\"region\" aria-roledescription=\"carousel\" aria-label=\"Image Carousel\" dir=\"ltr\">\n\t\t\t<div class=\"elementor-image-carousel swiper-wrapper swiper-image-stretch\" aria-live=\"polite\">\n\t\t\t\t\t\t\t\t<div class=\"swiper-slide\" role=\"group\" aria-roledescription=\"slide\" aria-label=\"1 of 4\"><figure class=\"swiper-slide-inner\"><img decoding=\"async\" class=\"swiper-slide-image\" src=\"https:\/\/english-teacher-budapest.eu\/wp-content\/uploads\/2023\/08\/11.jpeg\" alt=\"11\" \/><\/figure><\/div><div class=\"swiper-slide\" role=\"group\" aria-roledescription=\"slide\" aria-label=\"2 of 4\"><figure class=\"swiper-slide-inner\"><img decoding=\"async\" class=\"swiper-slide-image\" src=\"https:\/\/english-teacher-budapest.eu\/wp-content\/uploads\/2023\/08\/12.jpg\" alt=\"12\" \/><\/figure><\/div><div class=\"swiper-slide\" role=\"group\" aria-roledescription=\"slide\" aria-label=\"3 of 4\"><figure class=\"swiper-slide-inner\"><img decoding=\"async\" class=\"swiper-slide-image\" src=\"https:\/\/english-teacher-budapest.eu\/wp-content\/uploads\/2023\/08\/13.jpg\" alt=\"13\" \/><\/figure><\/div><div class=\"swiper-slide\" role=\"group\" aria-roledescription=\"slide\" aria-label=\"4 of 4\"><figure class=\"swiper-slide-inner\"><img decoding=\"async\" class=\"swiper-slide-image\" src=\"https:\/\/english-teacher-budapest.eu\/wp-content\/uploads\/2023\/08\/14.jpg\" alt=\"14\" \/><\/figure><\/div>\t\t\t<\/div>\n\t\t\t\t\t\t\t\t\t\t\t\t<div class=\"elementor-swiper-button elementor-swiper-button-prev\" role=\"button\" tabindex=\"0\">\n\t\t\t\t\t\t<i aria-hidden=\"true\" class=\"eicon-chevron-left\"><\/i>\t\t\t\t\t<\/div>\n\t\t\t\t\t<div class=\"elementor-swiper-button elementor-swiper-button-next\" role=\"button\" tabindex=\"0\">\n\t\t\t\t\t\t<i aria-hidden=\"true\" class=\"eicon-chevron-right\"><\/i>\t\t\t\t\t<\/div>\n\t\t\t\t\n\t\t\t\t\t\t\t\t\t<div class=\"swiper-pagination\"><\/div>\n\t\t\t\t\t\t\t\t\t<\/div>\n\t\t\t\t\t\t<\/div>\n\t\t\t\t<\/div>\n\t\t\t\t<div class=\"elementor-element elementor-element-685b82bf elementor-widget elementor-widget-text-editor\" data-id=\"685b82bf\" data-element_type=\"widget\" data-e-type=\"widget\" data-widget_type=\"text-editor.default\">\n\t\t\t\t<div class=\"elementor-widget-container\">\n\t\t\t\t\t\t\t\t\t<div class=\"CjVfdc\"><span class=\"C9DxTc\">komponens 1:-<\/span><\/div><div>\u00a0<\/div><div class=\"CjVfdc\"><p><span class=\"C9DxTc\">A hagyom\u00e1nyos nyelvtanoktat\u00e1s motiv\u00e1lt, intellektu\u00e1lisan akad\u00e9mikus, vizu\u00e1lis tanul\u00f3kkal a leghat\u00e9konyabb. Megvan a helye, de a korl\u00e1tai is.<\/span><\/p><\/div>\t\t\t\t\t\t\t\t<\/div>\n\t\t\t\t<\/div>\n\t\t\t\t\t<\/div>\n\t\t<\/div>\n\t\t\t\t<div class=\"elementor-column elementor-col-33 elementor-inner-column elementor-element elementor-element-4d152fec\" data-id=\"4d152fec\" data-element_type=\"column\" data-e-type=\"column\">\n\t\t\t<div class=\"elementor-widget-wrap elementor-element-populated\">\n\t\t\t\t\t\t<div class=\"elementor-element elementor-element-6f99b23b elementor-widget__width-inherit elementor-arrows-position-inside elementor-pagination-position-outside elementor-widget elementor-widget-image-carousel\" data-id=\"6f99b23b\" data-element_type=\"widget\" data-e-type=\"widget\" data-settings=\"{&quot;slides_to_show&quot;:&quot;1&quot;,&quot;autoplay&quot;:&quot;no&quot;,&quot;navigation&quot;:&quot;both&quot;,&quot;infinite&quot;:&quot;yes&quot;,&quot;effect&quot;:&quot;slide&quot;,&quot;speed&quot;:500}\" data-widget_type=\"image-carousel.default\">\n\t\t\t\t<div class=\"elementor-widget-container\">\n\t\t\t\t\t\t\t<div class=\"elementor-image-carousel-wrapper swiper\" role=\"region\" aria-roledescription=\"carousel\" aria-label=\"Image Carousel\" dir=\"ltr\">\n\t\t\t<div class=\"elementor-image-carousel swiper-wrapper\" aria-live=\"polite\">\n\t\t\t\t\t\t\t\t<div class=\"swiper-slide\" role=\"group\" aria-roledescription=\"slide\" aria-label=\"1 of 4\"><figure class=\"swiper-slide-inner\"><img decoding=\"async\" class=\"swiper-slide-image\" src=\"https:\/\/english-teacher-budapest.eu\/wp-content\/uploads\/elementor\/thumbs\/22-qavf448f59m6r5nqau2olyecl4u9d0tlqxv0ty95wq.jpg\" alt=\"22\" \/><\/figure><\/div><div class=\"swiper-slide\" role=\"group\" aria-roledescription=\"slide\" aria-label=\"2 of 4\"><figure class=\"swiper-slide-inner\"><img decoding=\"async\" class=\"swiper-slide-image\" src=\"https:\/\/english-teacher-budapest.eu\/wp-content\/uploads\/elementor\/thumbs\/21-qavf4643ixoredkzzuvxqxx9rwkzsf12f75zsi6dka.jpg\" alt=\"21\" \/><\/figure><\/div><div class=\"swiper-slide\" role=\"group\" aria-roledescription=\"slide\" aria-label=\"3 of 4\"><figure class=\"swiper-slide-inner\"><img decoding=\"async\" class=\"swiper-slide-image\" src=\"https:\/\/english-teacher-budapest.eu\/wp-content\/uploads\/elementor\/thumbs\/24-qavf4he5sy479p4m5zrgkv2swj1ecs9ugqztjtpnhm.jpg\" alt=\"24\" \/><\/figure><\/div><div class=\"swiper-slide\" role=\"group\" aria-roledescription=\"slide\" aria-label=\"4 of 4\"><figure class=\"swiper-slide-inner\"><img decoding=\"async\" class=\"swiper-slide-image\" src=\"https:\/\/english-teacher-budapest.eu\/wp-content\/uploads\/elementor\/thumbs\/23-qavf4j9u6m6rwx1vv0kppulq3as4s6hb50asidmv56.jpg\" alt=\"23\" \/><\/figure><\/div>\t\t\t<\/div>\n\t\t\t\t\t\t\t\t\t\t\t\t<div class=\"elementor-swiper-button elementor-swiper-button-prev\" role=\"button\" tabindex=\"0\">\n\t\t\t\t\t\t<i aria-hidden=\"true\" class=\"eicon-chevron-left\"><\/i>\t\t\t\t\t<\/div>\n\t\t\t\t\t<div class=\"elementor-swiper-button elementor-swiper-button-next\" role=\"button\" tabindex=\"0\">\n\t\t\t\t\t\t<i aria-hidden=\"true\" class=\"eicon-chevron-right\"><\/i>\t\t\t\t\t<\/div>\n\t\t\t\t\n\t\t\t\t\t\t\t\t\t<div class=\"swiper-pagination\"><\/div>\n\t\t\t\t\t\t\t\t\t<\/div>\n\t\t\t\t\t\t<\/div>\n\t\t\t\t<\/div>\n\t\t\t\t<div class=\"elementor-element elementor-element-29f3ff59 elementor-widget elementor-widget-text-editor\" data-id=\"29f3ff59\" data-element_type=\"widget\" data-e-type=\"widget\" data-widget_type=\"text-editor.default\">\n\t\t\t\t<div class=\"elementor-widget-container\">\n\t\t\t\t\t\t\t\t\t<p>komponens 2:-<\/p><p>\u00a0<\/p><p>Saj\u00e1t tananyagk\u00f6nyv. Ez k\u00f6zvetlen\u00fcl \u00f6sszekapcsolja a m\u00f6g\u00f6ttes jelent\u00e9st a mondatszerkeszt\u00e9ssel \u00e9s a sz\u00f3haszn\u00e1lattal. Ez egy bels\u0151 dokumentum a saj\u00e1t haszn\u00e1latomra. Magyar \u00e9s k\u00ednai di\u00e1kokkal val\u00f3 haszn\u00e1latra finom\u00edtottam.<\/p>\t\t\t\t\t\t\t\t<\/div>\n\t\t\t\t<\/div>\n\t\t\t\t\t<\/div>\n\t\t<\/div>\n\t\t\t\t<div class=\"elementor-column elementor-col-33 elementor-inner-column elementor-element elementor-element-7350e033\" data-id=\"7350e033\" data-element_type=\"column\" data-e-type=\"column\">\n\t\t\t<div class=\"elementor-widget-wrap elementor-element-populated\">\n\t\t\t\t\t\t<div class=\"elementor-element elementor-element-30625f69 elementor-arrows-position-inside elementor-pagination-position-outside elementor-widget elementor-widget-image-carousel\" data-id=\"30625f69\" data-element_type=\"widget\" data-e-type=\"widget\" data-settings=\"{&quot;slides_to_show&quot;:&quot;1&quot;,&quot;autoplay&quot;:&quot;no&quot;,&quot;navigation&quot;:&quot;both&quot;,&quot;infinite&quot;:&quot;yes&quot;,&quot;effect&quot;:&quot;slide&quot;,&quot;speed&quot;:500}\" data-widget_type=\"image-carousel.default\">\n\t\t\t\t<div class=\"elementor-widget-container\">\n\t\t\t\t\t\t\t<div class=\"elementor-image-carousel-wrapper swiper\" role=\"region\" aria-roledescription=\"carousel\" aria-label=\"Image Carousel\" dir=\"ltr\">\n\t\t\t<div class=\"elementor-image-carousel swiper-wrapper swiper-image-stretch\" aria-live=\"polite\">\n\t\t\t\t\t\t\t\t<div class=\"swiper-slide\" role=\"group\" aria-roledescription=\"slide\" aria-label=\"1 of 7\"><figure class=\"swiper-slide-inner\"><img decoding=\"async\" class=\"swiper-slide-image\" src=\"https:\/\/english-teacher-budapest.eu\/wp-content\/uploads\/elementor\/thumbs\/31-qbcspkb7ets1eu01vcrk68w049hw0wejtr2553hbmy.jpg\" alt=\"31\" \/><\/figure><\/div><div class=\"swiper-slide\" role=\"group\" aria-roledescription=\"slide\" aria-label=\"2 of 7\"><figure class=\"swiper-slide-inner\"><img decoding=\"async\" class=\"swiper-slide-image\" src=\"https:\/\/english-teacher-budapest.eu\/wp-content\/uploads\/elementor\/thumbs\/32-qbcspjdd7zqr381f0ucxlr4jivmit7athmenntipt6.jpg\" alt=\"32\" \/><\/figure><\/div><div class=\"swiper-slide\" role=\"group\" aria-roledescription=\"slide\" aria-label=\"3 of 7\"><figure class=\"swiper-slide-inner\"><img decoding=\"async\" class=\"swiper-slide-image\" src=\"https:\/\/english-teacher-budapest.eu\/wp-content\/uploads\/elementor\/thumbs\/34-qbcsphhoubo6g045btjogrlmc3vsdt3ctd3op9li5m.jpg\" alt=\"34\" \/><\/figure><\/div><div class=\"swiper-slide\" role=\"group\" aria-roledescription=\"slide\" aria-label=\"4 of 7\"><figure class=\"swiper-slide-inner\"><img decoding=\"async\" class=\"swiper-slide-image\" src=\"https:\/\/english-teacher-budapest.eu\/wp-content\/uploads\/elementor\/thumbs\/33-qbcspifj15pgrm2s6byb19d2xhr5li735hr66jk3ze.jpg\" alt=\"33\" \/><\/figure><\/div><div class=\"swiper-slide\" role=\"group\" aria-roledescription=\"slide\" aria-label=\"5 of 7\"><figure class=\"swiper-slide-inner\"><img decoding=\"async\" class=\"swiper-slide-image\" src=\"https:\/\/english-teacher-budapest.eu\/wp-content\/uploads\/elementor\/thumbs\/37-e1693085552889-qbhz0tbuvvhywvcg8lmabp1ilab9k7q1zk4xxiknxm.jpg\" alt=\"37\" \/><\/figure><\/div><div class=\"swiper-slide\" role=\"group\" aria-roledescription=\"slide\" aria-label=\"6 of 7\"><figure class=\"swiper-slide-inner\"><img decoding=\"async\" class=\"swiper-slide-image\" src=\"https:\/\/english-teacher-budapest.eu\/wp-content\/uploads\/elementor\/thumbs\/36-qbhywpr72vvya3at6btuy8a5bsimzqg739ppl2nh2i.jpg\" alt=\"36\" \/><\/figure><\/div><div class=\"swiper-slide\" role=\"group\" aria-roledescription=\"slide\" aria-label=\"7 of 7\"><figure class=\"swiper-slide-inner\"><img decoding=\"async\" class=\"swiper-slide-image\" src=\"https:\/\/english-teacher-budapest.eu\/wp-content\/uploads\/elementor\/thumbs\/35-qbhywqp19px8lp9g0u8hiq1lx6e07fjxfed72cm2wa.jpg\" alt=\"35\" \/><\/figure><\/div>\t\t\t<\/div>\n\t\t\t\t\t\t\t\t\t\t\t\t<div class=\"elementor-swiper-button elementor-swiper-button-prev\" role=\"button\" tabindex=\"0\">\n\t\t\t\t\t\t<i aria-hidden=\"true\" class=\"eicon-chevron-left\"><\/i>\t\t\t\t\t<\/div>\n\t\t\t\t\t<div class=\"elementor-swiper-button elementor-swiper-button-next\" role=\"button\" tabindex=\"0\">\n\t\t\t\t\t\t<i aria-hidden=\"true\" class=\"eicon-chevron-right\"><\/i>\t\t\t\t\t<\/div>\n\t\t\t\t\n\t\t\t\t\t\t\t\t\t<div class=\"swiper-pagination\"><\/div>\n\t\t\t\t\t\t\t\t\t<\/div>\n\t\t\t\t\t\t<\/div>\n\t\t\t\t<\/div>\n\t\t\t\t<div class=\"elementor-element elementor-element-6884ed32 elementor-widget elementor-widget-text-editor\" data-id=\"6884ed32\" data-element_type=\"widget\" data-e-type=\"widget\" data-widget_type=\"text-editor.default\">\n\t\t\t\t<div class=\"elementor-widget-container\">\n\t\t\t\t\t\t\t\t\t<p>komponens 3:-<\/p><p>\u00a0<\/p><p>Az English for Everyone egy rendk\u00edv\u00fcl n\u00e9pszer\u0171, \u00f6n\u00e1ll\u00f3an tanulhat\u00f3 tanfolyam. A k\u00f6nyvek a teljesen kezd\u0151t\u0151l a C1 szintig terjednek, \u00e9s m\u00e9g az \u00fczleti angolra is kiterjednek. K\u00fcl\u00f6n k\u00f6nyvek foglalkoznak a nyelvtannal, idi\u00f3m\u00e1kkal \u00e9s kifejez\u00e9sekkel, a phrasal verbs, sz\u00f3t\u00e1rakkal \u00e9s m\u00e9g sok m\u00e1ssal.<\/p>\t\t\t\t\t\t\t\t<\/div>\n\t\t\t\t<\/div>\n\t\t\t\t\t<\/div>\n\t\t<\/div>\n\t\t\t\t\t<\/div>\n\t\t<\/section>\n\t\t\t\t\t<\/div>\n\t\t<\/div>\n\t\t\t\t\t<\/div>\n\t\t<\/section>\n\t\t\t\t<section class=\"elementor-section elementor-top-section elementor-element elementor-element-c12b7b1 elementor-section-boxed elementor-section-height-default elementor-section-height-default\" data-id=\"c12b7b1\" data-element_type=\"section\" data-e-type=\"section\" data-settings=\"{&quot;background_background&quot;:&quot;classic&quot;}\">\n\t\t\t\t\t\t<div class=\"elementor-container elementor-column-gap-default\">\n\t\t\t\t\t<div class=\"elementor-column elementor-col-100 elementor-top-column elementor-element elementor-element-3888855a\" data-id=\"3888855a\" data-element_type=\"column\" data-e-type=\"column\">\n\t\t\t<div class=\"elementor-widget-wrap elementor-element-populated\">\n\t\t\t\t\t\t<div class=\"elementor-element elementor-element-1ed69765 elementor-widget elementor-widget-heading\" data-id=\"1ed69765\" data-element_type=\"widget\" data-e-type=\"widget\" data-widget_type=\"heading.default\">\n\t\t\t\t<div class=\"elementor-widget-container\">\n\t\t\t\t\t<h2 class=\"elementor-heading-title elementor-size-default\">A tan\u00edt\u00e1shoz val\u00f3 hozz\u00e1\u00e1ll\u00e1som<\/h2>\t\t\t\t<\/div>\n\t\t\t\t<\/div>\n\t\t\t\t<div class=\"elementor-element elementor-element-4cadafa4 elementor-widget elementor-widget-text-editor\" data-id=\"4cadafa4\" data-element_type=\"widget\" data-e-type=\"widget\" data-widget_type=\"text-editor.default\">\n\t\t\t\t<div class=\"elementor-widget-container\">\n\t\t\t\t\t\t\t\t\t<p>Igyekszem a sz\u00fcks\u00e9ges minim\u00e1lis nyelvtant tan\u00edtani. K\u00f6zvetlen\u00fcl \u00f6sszekapcsolom az alapvet\u0151 m\u00f6g\u00f6ttes jelent\u00e9st az angolok \u00e1ltal haszn\u00e1lt szerkezetekkel (elmagyar\u00e1zom a \"mi\u00e9rteket\"), \u00e9s a helyes angol szavak, kifejez\u00e9sek \u00e9s mondatok ism\u00e9tl\u00e9s\u00e9vel gyakorlom a tanul\u00f3 f\u00fcl\u00e9t, hogy hozz\u00e1szokjon a j\u00f3 angolhoz. A velem val\u00f3 tanul\u00e1s v\u00e9g\u00e9re a legt\u00f6bb di\u00e1knak \u00f6szt\u00f6n\u00f6s meg\u00e9rz\u00e9sei vannak a helyes angolra. N\u00e9ha \u00f6szt\u00f6n\u00f6sen tudj\u00e1k a v\u00e1laszokat olyan modulokra, amelyeket m\u00e9g nem tanultak.<\/p><p>\u00a0<\/p><p>Tananyagom a magyaroknak \u00e9s a k\u00ednaiaknak sz\u00f3l. Besz\u00e9lek magyarul, \u00e9s az angol nyelvtan \u00e9s nyelvhaszn\u00e1lat szinte minden aspektus\u00e1t el tudom magyarul magyar\u00e1zni. K\u00f6r\u00fclbel\u00fcl k\u00e9t \u00e9ve tan\u00edtok k\u00ednaiakat. Az alapvet\u0151 nyelvtani magyar\u00e1zatokon k\u00edv\u00fcl nem besz\u00e9lek k\u00ednaiul, de professzion\u00e1lis ford\u00edt\u00f3programot haszn\u00e1lok (\u00e9s id\u0151nk\u00e9nt tolm\u00e1csot, ha sz\u00fcks\u00e9ges).\u00a0<\/p><p>\u00a0<\/p><p>Be\u00e9p\u00edtem a Dorling Kimberly \"Angol mindenkinek\" tanfolyam\u00e1t. Ez rendk\u00edv\u00fcl egyszer\u0171v\u00e9 teszi az \u00f6nk\u00e9pz\u00e9st az elk\u00f6telezett tanul\u00f3k sz\u00e1m\u00e1ra. A k\u00f6nyv nem t\u00f6k\u00e9letes, ez\u00e9rt kieg\u00e9sz\u00edt\u0151 anyagokat biztos\u00edtok, megv\u00e1ltoztatom bizonyos elemek tan\u00edt\u00e1s\u00e1nak sorrendj\u00e9t, tan\u00edt\u00e1s k\u00f6zben r\u00e9szeket adok hozz\u00e1 \u00e9s hagyok ki. Megfelel\u0151 id\u0151pontokban a k\u00f6nyvet f\u00e9lreteszem, \u00e9s a szem\u00e9lyesen kidolgozott tanfolyamom megfelel\u0151 r\u00e9sz\u00e9t tan\u00edtom.<\/p>\t\t\t\t\t\t\t\t<\/div>\n\t\t\t\t<\/div>\n\t\t\t\t<div class=\"elementor-element elementor-element-4bb6819 elementor-align-justify elementor-widget elementor-widget-button\" data-id=\"4bb6819\" data-element_type=\"widget\" data-e-type=\"widget\" data-widget_type=\"button.default\">\n\t\t\t\t<div class=\"elementor-widget-container\">\n\t\t\t\t\t\t\t\t\t<div class=\"elementor-button-wrapper\">\n\t\t\t\t\t<a class=\"elementor-button elementor-button-link elementor-size-xl\" href=\"https:\/\/english-teacher-budapest.eu\/hu\/the-dorling-kindersley-dkefe-books\/\">\n\t\t\t\t\t\t<span class=\"elementor-button-content-wrapper\">\n\t\t\t\t\t\t\t\t\t<span class=\"elementor-button-text\">Tudj meg t\u00f6bbet a  Dorling Kindersley English for Everyone sorozatr\u00f3l<\/span>\n\t\t\t\t\t<\/span>\n\t\t\t\t\t<\/a>\n\t\t\t\t<\/div>\n\t\t\t\t\t\t\t\t<\/div>\n\t\t\t\t<\/div>\n\t\t\t\t<div class=\"elementor-element elementor-element-6b79895e elementor-align-justify elementor-widget__width-initial elementor-widget elementor-widget-button\" data-id=\"6b79895e\" data-element_type=\"widget\" data-e-type=\"widget\" data-widget_type=\"button.default\">\n\t\t\t\t<div class=\"elementor-widget-container\">\n\t\t\t\t\t\t\t\t\t<div class=\"elementor-button-wrapper\">\n\t\t\t\t\t<a class=\"elementor-button elementor-button-link elementor-size-xl\" href=\"https:\/\/english-teacher-budapest.eu\/hu\/\">\n\t\t\t\t\t\t<span class=\"elementor-button-content-wrapper\">\n\t\t\t\t\t\t\t\t\t<span class=\"elementor-button-text\">F\u0151oldal<\/span>\n\t\t\t\t\t<\/span>\n\t\t\t\t\t<\/a>\n\t\t\t\t<\/div>\n\t\t\t\t\t\t\t\t<\/div>\n\t\t\t\t<\/div>\n\t\t\t\t\t<\/div>\n\t\t<\/div>\n\t\t\t\t\t<\/div>\n\t\t<\/section>\n\t\t\t\t<\/div>","protected":false},"excerpt":{"rendered":"<p>How the lessons work The three components of the teaching:-\u00a0 Component 1:-\u00a0 Traditional grammar teaching is most effective with motivated,\u00a0 intellectually academic,\u00a0 visual learners.\u00a0 It has its place but also its limitations. Component 2:- \u00a0 My own course book.\u00a0 This directly links underlying meaning with sentence construction and word usage.\u00a0 It&#8217;s an internal document for &hellip;<\/p>\n<p class=\"read-more\"> <a class=\"\" href=\"https:\/\/english-teacher-budapest.eu\/hu\/how-the-lessons-work\/\"> <span class=\"screen-reader-text\">Egy \u00e1tlagos \u00f3ra<\/span> Read More &raquo;<\/a><\/p>","protected":false},"author":1,"featured_media":0,"parent":0,"menu_order":0,"comment_status":"closed","ping_status":"closed","template":"","meta":{"site-sidebar-layout":"no-sidebar","site-content-layout":"page-builder","ast-site-content-layout":"","site-content-style":"default","site-sidebar-style":"default","ast-global-header-display":"","ast-banner-title-visibility":"","ast-main-header-display":"","ast-hfb-above-header-display":"","ast-hfb-below-header-display":"","ast-hfb-mobile-header-display":"","site-post-title":"disabled","ast-breadcrumbs-content":"","ast-featured-img":"disabled","footer-sml-layout":"","theme-transparent-header-meta":"disabled","adv-header-id-meta":"","stick-header-meta":"enabled","header-above-stick-meta":"","header-main-stick-meta":"disabled","header-below-stick-meta":"","astra-migrate-meta-layouts":"","footnotes":""},"class_list":["post-1502","page","type-page","status-publish","hentry"],"_links":{"self":[{"href":"https:\/\/english-teacher-budapest.eu\/hu\/wp-json\/wp\/v2\/pages\/1502","targetHints":{"allow":["GET"]}}],"collection":[{"href":"https:\/\/english-teacher-budapest.eu\/hu\/wp-json\/wp\/v2\/pages"}],"about":[{"href":"https:\/\/english-teacher-budapest.eu\/hu\/wp-json\/wp\/v2\/types\/page"}],"author":[{"embeddable":true,"href":"https:\/\/english-teacher-budapest.eu\/hu\/wp-json\/wp\/v2\/users\/1"}],"replies":[{"embeddable":true,"href":"https:\/\/english-teacher-budapest.eu\/hu\/wp-json\/wp\/v2\/comments?post=1502"}],"version-history":[{"count":56,"href":"https:\/\/english-teacher-budapest.eu\/hu\/wp-json\/wp\/v2\/pages\/1502\/revisions"}],"predecessor-version":[{"id":2065,"href":"https:\/\/english-teacher-budapest.eu\/hu\/wp-json\/wp\/v2\/pages\/1502\/revisions\/2065"}],"wp:attachment":[{"href":"https:\/\/english-teacher-budapest.eu\/hu\/wp-json\/wp\/v2\/media?parent=1502"}],"curies":[{"name":"wp","href":"https:\/\/api.w.org\/{rel}","templated":true}]}}