{"id":1520,"date":"2023-08-14T06:58:11","date_gmt":"2023-08-14T06:58:11","guid":{"rendered":"https:\/\/english-teacher-budapest.eu\/?page_id=1520"},"modified":"2023-09-02T07:38:13","modified_gmt":"2023-09-02T07:38:13","slug":"the-dorling-kindersley-dkefe-books","status":"publish","type":"page","link":"https:\/\/english-teacher-budapest.eu\/hu\/the-dorling-kindersley-dkefe-books\/","title":{"rendered":"A Dorling Kindersley DKEFE k\u00f6nyvek"},"content":{"rendered":"<div data-elementor-type=\"wp-page\" data-elementor-id=\"1520\" class=\"elementor elementor-1520\">\n\t\t\t\t\t\t<section class=\"elementor-section elementor-top-section elementor-element elementor-element-8678802 elementor-section-full_width elementor-section-height-default elementor-section-height-default\" data-id=\"8678802\" data-element_type=\"section\" data-e-type=\"section\">\n\t\t\t\t\t\t<div class=\"elementor-container elementor-column-gap-default\">\n\t\t\t\t\t<div class=\"elementor-column elementor-col-100 elementor-top-column elementor-element elementor-element-d076966\" data-id=\"d076966\" data-element_type=\"column\" data-e-type=\"column\">\n\t\t\t<div class=\"elementor-widget-wrap elementor-element-populated\">\n\t\t\t\t\t\t<div class=\"elementor-element elementor-element-e1a7362 elementor-widget elementor-widget-heading\" data-id=\"e1a7362\" data-element_type=\"widget\" data-e-type=\"widget\" data-widget_type=\"heading.default\">\n\t\t\t\t<div class=\"elementor-widget-container\">\n\t\t\t\t\t<h1 class=\"elementor-heading-title elementor-size-xl\">A Dorling Kindersley DKEFE k\u00f6nyvek<\/h1>\t\t\t\t<\/div>\n\t\t\t\t<\/div>\n\t\t\t\t\t<\/div>\n\t\t<\/div>\n\t\t\t\t\t<\/div>\n\t\t<\/section>\n\t\t\t\t<section class=\"elementor-section elementor-top-section elementor-element elementor-element-907e448 elementor-section-boxed elementor-section-height-default elementor-section-height-default\" data-id=\"907e448\" data-element_type=\"section\" data-e-type=\"section\">\n\t\t\t\t\t\t<div class=\"elementor-container elementor-column-gap-default\">\n\t\t\t\t\t<div class=\"elementor-column elementor-col-100 elementor-top-column elementor-element elementor-element-1199ef4\" data-id=\"1199ef4\" data-element_type=\"column\" data-e-type=\"column\">\n\t\t\t<div class=\"elementor-widget-wrap elementor-element-populated\">\n\t\t\t\t\t\t<div class=\"elementor-element elementor-element-1283e83 elementor-widget elementor-widget-image\" data-id=\"1283e83\" data-element_type=\"widget\" data-e-type=\"widget\" data-widget_type=\"image.default\">\n\t\t\t\t<div class=\"elementor-widget-container\">\n\t\t\t\t\t\t\t\t\t\t\t\t\t\t\t<img fetchpriority=\"high\" decoding=\"async\" width=\"724\" height=\"1024\" src=\"https:\/\/english-teacher-budapest.eu\/wp-content\/uploads\/2023\/08\/WhatsApp-Image-2023-08-30-at-8.32.44-AM-3.jpeg\" class=\"attachment-full size-full wp-image-2025\" alt=\"\" srcset=\"https:\/\/english-teacher-budapest.eu\/wp-content\/uploads\/2023\/08\/WhatsApp-Image-2023-08-30-at-8.32.44-AM-3.jpeg 724w, https:\/\/english-teacher-budapest.eu\/wp-content\/uploads\/2023\/08\/WhatsApp-Image-2023-08-30-at-8.32.44-AM-3-212x300.jpeg 212w, https:\/\/english-teacher-budapest.eu\/wp-content\/uploads\/2023\/08\/WhatsApp-Image-2023-08-30-at-8.32.44-AM-3-8x12.jpeg 8w\" sizes=\"(max-width: 724px) 100vw, 724px\" \/>\t\t\t\t\t\t\t\t\t\t\t\t\t\t\t<\/div>\n\t\t\t\t<\/div>\n\t\t\t\t\t<\/div>\n\t\t<\/div>\n\t\t\t\t\t<\/div>\n\t\t<\/section>\n\t\t\t\t<section class=\"elementor-section elementor-top-section elementor-element elementor-element-86bf179 elementor-section-boxed elementor-section-height-default elementor-section-height-default\" data-id=\"86bf179\" data-element_type=\"section\" data-e-type=\"section\" data-settings=\"{&quot;background_background&quot;:&quot;classic&quot;}\">\n\t\t\t\t\t\t<div class=\"elementor-container elementor-column-gap-default\">\n\t\t\t\t\t<div class=\"elementor-column elementor-col-100 elementor-top-column elementor-element elementor-element-824f0d0\" data-id=\"824f0d0\" data-element_type=\"column\" data-e-type=\"column\">\n\t\t\t<div class=\"elementor-widget-wrap elementor-element-populated\">\n\t\t\t\t\t\t<div class=\"elementor-element elementor-element-c689334 elementor-widget elementor-widget-text-editor\" data-id=\"c689334\" data-element_type=\"widget\" data-e-type=\"widget\" data-widget_type=\"text-editor.default\">\n\t\t\t\t<div class=\"elementor-widget-container\">\n\t\t\t\t\t\t\t\t\t<p>Az Angol mindenkinek egy \u00e1tfog\u00f3 \u00e9s vil\u00e1gosan fel\u00e9p\u00edtett angol nyelvtanfolyam, amely minden olyan nyelvtani \u00e9s sz\u00f3kincset lefed, amelyre a tanul\u00f3knak sz\u00fcks\u00e9g\u00fck van ahhoz, hogy foly\u00e9konyan \u00e9s pontosan kommunik\u00e1ljanak.\u00a0<\/p><p>\u00a0<\/p><p>A n\u00e9gy szintet tartalmaz\u00f3 \u00e1ltal\u00e1nos nyelvtanfolyam mellett van egy k\u00e9t szintet tartalmaz\u00f3 \u00fczleti angol tanfolyam is, amely azoknak a tanul\u00f3knak aj\u00e1nlott, akik karrierj\u00fck el\u0151seg\u00edt\u00e9se \u00e9rdek\u00e9ben szeretn\u00e9k fejleszteni angol nyelvtud\u00e1sukat. Ez a tanfolyam lefed minden olyan angol nyelvtud\u00e1st, amelyre a di\u00e1koknak a mindennapi munkahelyi helyzetekben, p\u00e9ld\u00e1ul \u00e1ll\u00e1sp\u00e1ly\u00e1zatokon, tal\u00e1lkoz\u00f3kon, interj\u00fakon \u00e9s telefonbesz\u00e9lget\u00e9seken sz\u00fcks\u00e9g\u00fck van.\u00a0<\/p><p>\u00a0<\/p><p>A sorozat tartalmazza tov\u00e1bb\u00e1 az Angol nyelvtani \u00fatmutat\u00f3t, egy \u00e1tfog\u00f3 vizu\u00e1lis nyelvtani seg\u00e9dk\u00f6nyvet, valamint az Angol sz\u00f3kincsfejleszt\u0151t, egy interakt\u00edv sz\u00f3kincsgy\u0171jtem\u00e9nyt, amely illusztr\u00e1lt referenciaoldalakkal \u00e9s gyakorl\u00f3 feladatokkal rendelkezik.<\/p><p>\u00a0<\/p><p>Az \u00e1ltal\u00e1nos nyelvi \u00e9s az \u00fczleti angol tanfolyamk\u00f6nyvek r\u00f6vid egys\u00e9gekre tagol\u00f3dnak. Minden egys\u00e9g \u00faj nyelvtani vagy sz\u00f3kincsoktat\u00e1ssal kezd\u0151dik, amelyet olyan gyakorlatok k\u00f6vetnek, amelyek szorosan az \u00e9ppen tanult \u00faj nyelvre \u00f6sszpontos\u00edtanak. Ez\u00e1ltal a tan\u00e1rok egy olyan \u00f3rav\u00e1zlatot kapnak, amely vil\u00e1gosan meghat\u00e1rozott tanul\u00e1si pontokat tartalmaz, \u00e9s rengeteg lehet\u0151s\u00e9get biztos\u00edt a tanul\u00f3k sz\u00e1m\u00e1ra ezek meger\u0151s\u00edt\u00e9s\u00e9re.<\/p><p>\u00a0<\/p><p>Minden tananyagk\u00f6nyvh\u00f6z tartozik egy megfelel\u0151 gyakorl\u00f3k\u00f6nyv. A kurzusk\u00f6nyv ide\u00e1lis az oszt\u00e1lyteremben f\u0151 tan\u00edt\u00e1si k\u00f6nyvk\u00e9nt val\u00f3 haszn\u00e1latra. A gyakorl\u00f3k\u00f6nyv tele van tov\u00e1bbi feladatokkal, amelyek meger\u0151s\u00edtik a tanul\u00f3knak a tananyagban tanultakat, \u00e9s tov\u00e1bbi feladatokhoz, p\u00e9ld\u00e1ul h\u00e1zi feladathoz is haszn\u00e1lhat\u00f3.<\/p><p>\u00a0<\/p><p>Az English for Everyone a nyelvtanul\u00f3k valamennyi alapvet\u0151 k\u00e9szs\u00e9g\u00e9t megtan\u00edtja \u00e9s teszteli: besz\u00e9d, hall\u00e1s ut\u00e1ni sz\u00f6veg\u00e9rt\u00e9s, olvas\u00e1s, \u00edr\u00e1s, sz\u00f3kincs \u00e9s nyelvtan. \n\n\nA tanfolyam k\u00f6r\u00fclbel\u00fcl 40 \u00f3r\u00e1nyi kiv\u00e1l\u00f3 min\u0151s\u00e9g\u0171 t\u00e1mogat\u00f3 hangfelv\u00e9telt is tartalmaz, amelyet amerikai \u00e9s brit anyanyelv\u0171 angol besz\u00e9l\u0151k sz\u00f3laltatnak meg. Ezek seg\u00edts\u00e9g\u00e9vel a tanul\u00f3k jobban meg\u00e9rthetik a besz\u00e9lt angol nyelvet, \u00e9s term\u00e9szetesebb\u00e9 tehetik akcentusukat \u00e9s kiejt\u00e9s\u00fcket.\u00a0<\/p><p>\u00a0<\/p><p>A feln\u0151tt DKEFE sorozat egy \u00f6nk\u00e9pz\u0151 tanfolyam. Kipr\u00f3b\u00e1lt \u00e9s bev\u00e1lt, \u00e9s di\u00e1kok milli\u00f3i haszn\u00e1lt\u00e1k m\u00e1r vil\u00e1gszerte, \u00e9s mivel \u00f6n\u00e1ll\u00f3 tanfolyam, a tanul\u00f3 a tan\u00e1r folyamatos ir\u00e1ny\u00edt\u00e1sa n\u00e9lk\u00fcl dolgozhat, \u00edgy p\u00e9nzt takar\u00edthat meg.<\/p>\t\t\t\t\t\t\t\t<\/div>\n\t\t\t\t<\/div>\n\t\t\t\t<div class=\"elementor-element elementor-element-c0fd391 elementor-align-right elementor-widget__width-initial elementor-widget elementor-widget-button\" data-id=\"c0fd391\" data-element_type=\"widget\" data-e-type=\"widget\" data-widget_type=\"button.default\">\n\t\t\t\t<div class=\"elementor-widget-container\">\n\t\t\t\t\t\t\t\t\t<div class=\"elementor-button-wrapper\">\n\t\t\t\t\t<a class=\"elementor-button elementor-button-link elementor-size-xs\" href=\"https:\/\/english-teacher-budapest.eu\/hu\/how-the-lessons-work\/\">\n\t\t\t\t\t\t<span class=\"elementor-button-content-wrapper\">\n\t\t\t\t\t\t\t\t\t<span class=\"elementor-button-text\">Vissza<\/span>\n\t\t\t\t\t<\/span>\n\t\t\t\t\t<\/a>\n\t\t\t\t<\/div>\n\t\t\t\t\t\t\t\t<\/div>\n\t\t\t\t<\/div>\n\t\t\t\t<div class=\"elementor-element elementor-element-3912d31 elementor-align-right elementor-widget__width-initial elementor-widget elementor-widget-button\" data-id=\"3912d31\" data-element_type=\"widget\" data-e-type=\"widget\" data-widget_type=\"button.default\">\n\t\t\t\t<div class=\"elementor-widget-container\">\n\t\t\t\t\t\t\t\t\t<div class=\"elementor-button-wrapper\">\n\t\t\t\t\t<a class=\"elementor-button elementor-button-link elementor-size-xl\" href=\"https:\/\/english-teacher-budapest.eu\/hu\/\">\n\t\t\t\t\t\t<span class=\"elementor-button-content-wrapper\">\n\t\t\t\t\t\t\t\t\t<span class=\"elementor-button-text\">F\u0151oldal<\/span>\n\t\t\t\t\t<\/span>\n\t\t\t\t\t<\/a>\n\t\t\t\t<\/div>\n\t\t\t\t\t\t\t\t<\/div>\n\t\t\t\t<\/div>\n\t\t\t\t\t<\/div>\n\t\t<\/div>\n\t\t\t\t\t<\/div>\n\t\t<\/section>\n\t\t\t\t<\/div>","protected":false},"excerpt":{"rendered":"<p>The Dorling Kindersley DKEFE books English for Everyone is a comprehensive and clearly structured English-language course that covers all the grammar and vocabulary that students need to communicate fluently and accurately.\u00a0 \u00a0 As well as a general language course with four levels, there is also a business English course with two levels, which is suitable &hellip;<\/p>\n<p class=\"read-more\"> <a class=\"\" href=\"https:\/\/english-teacher-budapest.eu\/hu\/the-dorling-kindersley-dkefe-books\/\"> <span class=\"screen-reader-text\">A Dorling Kindersley DKEFE k\u00f6nyvek<\/span> Read More &raquo;<\/a><\/p>","protected":false},"author":1,"featured_media":0,"parent":0,"menu_order":0,"comment_status":"closed","ping_status":"closed","template":"","meta":{"site-sidebar-layout":"no-sidebar","site-content-layout":"page-builder","ast-site-content-layout":"","site-content-style":"default","site-sidebar-style":"default","ast-global-header-display":"","ast-banner-title-visibility":"","ast-main-header-display":"","ast-hfb-above-header-display":"","ast-hfb-below-header-display":"","ast-hfb-mobile-header-display":"","site-post-title":"disabled","ast-breadcrumbs-content":"","ast-featured-img":"disabled","footer-sml-layout":"","theme-transparent-header-meta":"disabled","adv-header-id-meta":"","stick-header-meta":"enabled","header-above-stick-meta":"","header-main-stick-meta":"disabled","header-below-stick-meta":"","astra-migrate-meta-layouts":"","footnotes":""},"class_list":["post-1520","page","type-page","status-publish","hentry"],"_links":{"self":[{"href":"https:\/\/english-teacher-budapest.eu\/hu\/wp-json\/wp\/v2\/pages\/1520","targetHints":{"allow":["GET"]}}],"collection":[{"href":"https:\/\/english-teacher-budapest.eu\/hu\/wp-json\/wp\/v2\/pages"}],"about":[{"href":"https:\/\/english-teacher-budapest.eu\/hu\/wp-json\/wp\/v2\/types\/page"}],"author":[{"embeddable":true,"href":"https:\/\/english-teacher-budapest.eu\/hu\/wp-json\/wp\/v2\/users\/1"}],"replies":[{"embeddable":true,"href":"https:\/\/english-teacher-budapest.eu\/hu\/wp-json\/wp\/v2\/comments?post=1520"}],"version-history":[{"count":28,"href":"https:\/\/english-teacher-budapest.eu\/hu\/wp-json\/wp\/v2\/pages\/1520\/revisions"}],"predecessor-version":[{"id":2043,"href":"https:\/\/english-teacher-budapest.eu\/hu\/wp-json\/wp\/v2\/pages\/1520\/revisions\/2043"}],"wp:attachment":[{"href":"https:\/\/english-teacher-budapest.eu\/hu\/wp-json\/wp\/v2\/media?parent=1520"}],"curies":[{"name":"wp","href":"https:\/\/api.w.org\/{rel}","templated":true}]}}