{"id":1526,"date":"2023-08-14T06:59:29","date_gmt":"2023-08-14T06:59:29","guid":{"rendered":"https:\/\/english-teacher-budapest.eu\/?page_id=1526"},"modified":"2023-09-13T20:43:30","modified_gmt":"2023-09-13T20:43:30","slug":"what-should-you-expect-from-a-test-lesson","status":"publish","type":"page","link":"https:\/\/english-teacher-budapest.eu\/hu\/what-should-you-expect-from-a-test-lesson\/","title":{"rendered":"Mire sz\u00e1m\u00edts egy pr\u00f3ba \u00f3r\u00e1n?"},"content":{"rendered":"<div data-elementor-type=\"wp-page\" data-elementor-id=\"1526\" class=\"elementor elementor-1526\">\n\t\t\t\t\t\t<section class=\"elementor-section elementor-top-section elementor-element elementor-element-b7f359e elementor-section-height-min-height elementor-section-boxed elementor-section-height-default elementor-section-items-middle\" data-id=\"b7f359e\" data-element_type=\"section\" data-e-type=\"section\" data-settings=\"{&quot;background_background&quot;:&quot;classic&quot;}\">\n\t\t\t\t\t\t<div class=\"elementor-container elementor-column-gap-default\">\n\t\t\t\t\t<div class=\"elementor-column elementor-col-100 elementor-top-column elementor-element elementor-element-3937d367\" data-id=\"3937d367\" data-element_type=\"column\" data-e-type=\"column\">\n\t\t\t<div class=\"elementor-widget-wrap elementor-element-populated\">\n\t\t\t\t\t\t<div class=\"elementor-element elementor-element-7ca9f014 elementor-widget elementor-widget-heading\" data-id=\"7ca9f014\" data-element_type=\"widget\" data-e-type=\"widget\" data-widget_type=\"heading.default\">\n\t\t\t\t<div class=\"elementor-widget-container\">\n\t\t\t\t\t<h1 class=\"elementor-heading-title elementor-size-default\">Mire sz\u00e1m\u00edts egy pr\u00f3ba \u00f3r\u00e1n?<\/h1>\t\t\t\t<\/div>\n\t\t\t\t<\/div>\n\t\t\t\t\t<\/div>\n\t\t<\/div>\n\t\t\t\t\t<\/div>\n\t\t<\/section>\n\t\t\t\t<section class=\"elementor-section elementor-top-section elementor-element elementor-element-3460f5a1 elementor-section-full_width elementor-section-height-default elementor-section-height-default\" data-id=\"3460f5a1\" data-element_type=\"section\" data-e-type=\"section\" data-settings=\"{&quot;background_background&quot;:&quot;classic&quot;}\">\n\t\t\t\t\t\t<div class=\"elementor-container elementor-column-gap-default\">\n\t\t\t\t\t<div class=\"elementor-column elementor-col-100 elementor-top-column elementor-element elementor-element-5f07c461\" data-id=\"5f07c461\" data-element_type=\"column\" data-e-type=\"column\">\n\t\t\t<div class=\"elementor-widget-wrap elementor-element-populated\">\n\t\t\t\t\t\t<section class=\"elementor-section elementor-inner-section elementor-element elementor-element-19493228 elementor-section-boxed elementor-section-height-default elementor-section-height-default\" data-id=\"19493228\" data-element_type=\"section\" data-e-type=\"section\">\n\t\t\t\t\t\t<div class=\"elementor-container elementor-column-gap-default\">\n\t\t\t\t\t<div class=\"elementor-column elementor-col-100 elementor-inner-column elementor-element elementor-element-4d450278\" data-id=\"4d450278\" data-element_type=\"column\" data-e-type=\"column\">\n\t\t\t<div class=\"elementor-widget-wrap elementor-element-populated\">\n\t\t\t\t\t\t<div class=\"elementor-element elementor-element-106a8b51 elementor-widget elementor-widget-text-editor\" data-id=\"106a8b51\" data-element_type=\"widget\" data-e-type=\"widget\" data-widget_type=\"text-editor.default\">\n\t\t\t\t<div class=\"elementor-widget-container\">\n\t\t\t\t\t\t\t\t\t<p>Egy nagyon egyszer\u0171 tesztet, hogy l\u00e1ssuk, tudunk-e alacsony szinten kommunik\u00e1lni. Ez lehet online vagy szem\u00e9lyesen. \u00c1tfutom a DKEFE els\u0151 szint\u0171 k\u00f6nyv\u00e9nek els\u0151 egy-k\u00e9t fejezet\u00e9t. Ha hiba n\u00e9lk\u00fcl v\u00e9gigm\u00e9sz rajta, akkor kital\u00e1ljuk, hogy hol kezdj\u00fcnk bele a sorozatba. Ha hib\u00e1zol, akkor val\u00f3sz\u00edn\u0171leg megk\u00e9r\u00fcnk, hogy kezdd az els\u0151 k\u00f6nyvvel. Ez nem a tan\u00edt\u00e1s, hanem a tesztel\u00e9s c\u00e9lj\u00e1b\u00f3l t\u00f6rt\u00e9nik. Egy j\u00f3 tanul\u00f3 \u00e1ltal\u00e1ban n\u00e9gy lecke alatt v\u00e9gzi el az els\u0151 k\u00f6nyvet, \u00e9s \u00e9n m\u00e1r j\u00f3l ismerem az er\u0151ss\u00e9geit \u00e9s gyenges\u00e9geit.<\/p><p><br><\/p>\n<p>Az a tapasztalatom, hogy azok a tanul\u00f3k, akik elfogadj\u00e1k, hogy alacsonyabb szinten kezdjenek, kiv\u00e9tel n\u00e9lk\u00fcl sokkal jobban teljes\u00edtenek, mint azok, akik k\u00f6vetelik, hogy magasabb szinten kezdjenek. Ha egy tanul\u00f3 olyan szinten akar kezdeni, amelyet \u00e9n t\u00fal magasnak tartok, nem val\u00f3sz\u00edn\u0171, hogy elfogadom.<\/p><p><br><\/p>\n<p>A tanul\u00f3k nagyj\u00e1b\u00f3l n\u00e9gy kateg\u00f3ri\u00e1ba sorolhat\u00f3k:-<\/p><p><br><\/p>\n<p><span class=\"C9DxTc\" style=\"font-family: Merriweather, Arial; font-size: 14pt; font-weight: bold; text-decoration-line: underline; vertical-align: baseline;\">Abszol\u00fat kezd\u0151k.<\/span><\/p>\n<p><br><\/p>\n<p><span class=\"C9DxTc\" style=\"font-size: 12pt; vertical-align: baseline;\">A DKEFE Junior k\u00f6nyvsorozatot fogjuk haszn\u00e1lni.<\/span><\/p>\n<p><span class=\"C9DxTc\" style=\"font-size: 12pt; vertical-align: baseline;\">&nbsp;<\/span><\/p>\n<p><span class=\"C9DxTc\" style=\"font-family: Merriweather, Arial; font-size: 14pt; font-weight: bold; text-decoration-line: underline; vertical-align: baseline;\">Als\u00f3 k\u00f6z\u00e9phalad\u00f3.<\/span><\/p>\n<p><br><\/p>\n<p><span class=\"C9DxTc\" style=\"font-size: 12pt; vertical-align: baseline;\">A DKEFE els\u0151 szint\u0171 sorozat\u00e1val kezd\u00fcnk, \u00e9s a k\u00f6nyveket kieg\u00e9sz\u00edtj\u00fck az \u00e1ltalam a tanfolyamhoz kifejlesztett anyagokkal.<\/span><\/p>\n<p><span class=\"C9DxTc\" style=\"font-size: 12pt; vertical-align: baseline;\">&nbsp;<\/span><\/p>\n<p><span class=\"C9DxTc\" style=\"font-family: Merriweather, Arial; font-size: 14pt; font-weight: bold; text-decoration-line: underline; vertical-align: baseline;\">K\u00f6z\u00e9phalad\u00f3.<\/span><\/p>\n<p><br><\/p>\n<p><span class=\"C9DxTc\" style=\"font-size: 12pt; vertical-align: baseline;\">Az itt val\u00f3 indul\u00e1shoz egy felm\u00e9r\u00e9sen kell megfelelni. Oldalank\u00e9nt egy hib\u00e1t szabad elk\u00f6vetni. Ha enn\u00e9l t\u00f6bbet, akkor aj\u00e1nlott az els\u0151 sorozatt\u00f3l kezdeni, hogy az elemi \u00e9s kezdetleges hib\u00e1kat elkapjuk.<\/span><\/p>\n<p><span class=\"C9DxTc\" style=\"font-size: 12pt; vertical-align: baseline;\">&nbsp;<\/span><\/p>\n<p><span class=\"C9DxTc\" style=\"font-family: Merriweather, Arial; font-size: 14pt; font-weight: bold; text-decoration-line: underline; vertical-align: baseline;\">Magas szint\u0171 tanul\u00f3k.<\/span><\/p>\n<p><br><\/p>\n<p><span class=\"C9DxTc\" style=\"font-size: 12pt; vertical-align: baseline;\">A halad\u00f3 tanul\u00f3k, akik ism\u00e9telten alacsony szint\u0171 hib\u00e1kat k\u00f6vetnek el, \u00e1ltal\u00e1ban k\u00e9t kateg\u00f3ri\u00e1ba sorolhat\u00f3k.<\/span><\/p><p><br><span class=\"C9DxTc\" style=\"font-size: 12pt; vertical-align: baseline;\">Van, akinek f\u00e9lre\u00e9rt\u00e9se van, amit ki kell jav\u00edtani. Nekik csak egy kis magyar\u00e1zatra van sz\u00fcks\u00e9g\u00fck a hib\u00e1ikhoz, \u00e9s szinte azonnal ki tudj\u00e1k jav\u00edtani azokat.&nbsp;<\/span><\/p><p><span class=\"C9DxTc\" style=\"font-size: 12pt; vertical-align: baseline;\"><br><\/span><\/p>\n<p><span class=\"C9DxTc\" style=\"font-size: 12pt; vertical-align: baseline;\">M\u00e1soknak ber\u00f6gz\u00fclt hib\u00e1ik vannak, \u00e9s hajlamosak \u00fagy besz\u00e9lni, hogy nem nagyon tudatosul benn\u00fck, hogy mit mondanak. Nekik egy sor leck\u00e9re van sz\u00fcks\u00e9g\u00fck, \u00e9s fel kell k\u00e9sz\u00fclni\u00fck arra, hogy a c\u00e9ljuk el\u00e9r\u00e9se \u00e9rdek\u00e9ben munk\u00e1t v\u00e9gezzenek az \u00f3r\u00e1n \u00e9s azon k\u00edv\u00fcl is.<\/span><\/p>\t\t\t\t\t\t\t\t<\/div>\n\t\t\t\t<\/div>\n\t\t\t\t\t<\/div>\n\t\t<\/div>\n\t\t\t\t\t<\/div>\n\t\t<\/section>\n\t\t\t\t<section class=\"elementor-section elementor-inner-section elementor-element elementor-element-568671ff elementor-section-boxed elementor-section-height-default elementor-section-height-default\" data-id=\"568671ff\" data-element_type=\"section\" data-e-type=\"section\">\n\t\t\t\t\t\t<div class=\"elementor-container elementor-column-gap-default\">\n\t\t\t\t\t<div class=\"elementor-column elementor-col-50 elementor-inner-column elementor-element elementor-element-639259b3\" data-id=\"639259b3\" data-element_type=\"column\" data-e-type=\"column\">\n\t\t\t<div class=\"elementor-widget-wrap\">\n\t\t\t\t\t\t\t<\/div>\n\t\t<\/div>\n\t\t\t\t<div class=\"elementor-column elementor-col-50 elementor-inner-column elementor-element elementor-element-2e74fba\" data-id=\"2e74fba\" data-element_type=\"column\" data-e-type=\"column\">\n\t\t\t<div class=\"elementor-widget-wrap elementor-element-populated\">\n\t\t\t\t\t\t<div class=\"elementor-element elementor-element-f6c1850 elementor-align-justify elementor-widget__width-initial elementor-widget elementor-widget-button\" data-id=\"f6c1850\" data-element_type=\"widget\" data-e-type=\"widget\" data-widget_type=\"button.default\">\n\t\t\t\t<div class=\"elementor-widget-container\">\n\t\t\t\t\t\t\t\t\t<div class=\"elementor-button-wrapper\">\n\t\t\t\t\t<a class=\"elementor-button elementor-button-link elementor-size-xl\" href=\"https:\/\/english-teacher-budapest.eu\/hu\/\">\n\t\t\t\t\t\t<span class=\"elementor-button-content-wrapper\">\n\t\t\t\t\t\t\t\t\t<span class=\"elementor-button-text\">F\u0151oldal<\/span>\n\t\t\t\t\t<\/span>\n\t\t\t\t\t<\/a>\n\t\t\t\t<\/div>\n\t\t\t\t\t\t\t\t<\/div>\n\t\t\t\t<\/div>\n\t\t\t\t\t<\/div>\n\t\t<\/div>\n\t\t\t\t\t<\/div>\n\t\t<\/section>\n\t\t\t\t\t<\/div>\n\t\t<\/div>\n\t\t\t\t\t<\/div>\n\t\t<\/section>\n\t\t\t\t<\/div>","protected":false},"excerpt":{"rendered":"<p>What should you expect from a test lesson? A very basic test to see if we can communicate at a low level. This can be online or in-person. I will run through the first one or two chapters of the DKEFE level one book. As long as you go through it without making any mistakes &hellip;<\/p>\n<p class=\"read-more\"> <a class=\"\" href=\"https:\/\/english-teacher-budapest.eu\/hu\/what-should-you-expect-from-a-test-lesson\/\"> <span class=\"screen-reader-text\">Mire sz\u00e1m\u00edts egy pr\u00f3ba \u00f3r\u00e1n?<\/span> Read More &raquo;<\/a><\/p>","protected":false},"author":1,"featured_media":0,"parent":0,"menu_order":0,"comment_status":"closed","ping_status":"closed","template":"","meta":{"site-sidebar-layout":"no-sidebar","site-content-layout":"page-builder","ast-site-content-layout":"","site-content-style":"default","site-sidebar-style":"default","ast-global-header-display":"","ast-banner-title-visibility":"","ast-main-header-display":"","ast-hfb-above-header-display":"","ast-hfb-below-header-display":"","ast-hfb-mobile-header-display":"","site-post-title":"disabled","ast-breadcrumbs-content":"","ast-featured-img":"disabled","footer-sml-layout":"","theme-transparent-header-meta":"disabled","adv-header-id-meta":"","stick-header-meta":"enabled","header-above-stick-meta":"","header-main-stick-meta":"disabled","header-below-stick-meta":"","astra-migrate-meta-layouts":"","footnotes":""},"class_list":["post-1526","page","type-page","status-publish","hentry"],"_links":{"self":[{"href":"https:\/\/english-teacher-budapest.eu\/hu\/wp-json\/wp\/v2\/pages\/1526","targetHints":{"allow":["GET"]}}],"collection":[{"href":"https:\/\/english-teacher-budapest.eu\/hu\/wp-json\/wp\/v2\/pages"}],"about":[{"href":"https:\/\/english-teacher-budapest.eu\/hu\/wp-json\/wp\/v2\/types\/page"}],"author":[{"embeddable":true,"href":"https:\/\/english-teacher-budapest.eu\/hu\/wp-json\/wp\/v2\/users\/1"}],"replies":[{"embeddable":true,"href":"https:\/\/english-teacher-budapest.eu\/hu\/wp-json\/wp\/v2\/comments?post=1526"}],"version-history":[{"count":51,"href":"https:\/\/english-teacher-budapest.eu\/hu\/wp-json\/wp\/v2\/pages\/1526\/revisions"}],"predecessor-version":[{"id":2120,"href":"https:\/\/english-teacher-budapest.eu\/hu\/wp-json\/wp\/v2\/pages\/1526\/revisions\/2120"}],"wp:attachment":[{"href":"https:\/\/english-teacher-budapest.eu\/hu\/wp-json\/wp\/v2\/media?parent=1526"}],"curies":[{"name":"wp","href":"https:\/\/api.w.org\/{rel}","templated":true}]}}