{"id":1533,"date":"2023-08-14T07:01:51","date_gmt":"2023-08-14T07:01:51","guid":{"rendered":"https:\/\/english-teacher-budapest.eu\/?page_id=1533"},"modified":"2023-09-13T23:13:36","modified_gmt":"2023-09-13T23:13:36","slug":"online-lessons","status":"publish","type":"page","link":"https:\/\/english-teacher-budapest.eu\/hu\/online-lessons\/","title":{"rendered":"Online \u00f3r\u00e1k"},"content":{"rendered":"<div data-elementor-type=\"wp-page\" data-elementor-id=\"1533\" class=\"elementor elementor-1533\">\n\t\t\t\t\t\t<section class=\"elementor-section elementor-top-section elementor-element elementor-element-66cbd73 elementor-section-height-min-height elementor-section-boxed elementor-section-height-default elementor-section-items-middle\" data-id=\"66cbd73\" data-element_type=\"section\" data-e-type=\"section\" data-settings=\"{&quot;background_background&quot;:&quot;classic&quot;}\">\n\t\t\t\t\t\t<div class=\"elementor-container elementor-column-gap-default\">\n\t\t\t\t\t<div class=\"elementor-column elementor-col-100 elementor-top-column elementor-element elementor-element-3cee85a6\" data-id=\"3cee85a6\" data-element_type=\"column\" data-e-type=\"column\">\n\t\t\t<div class=\"elementor-widget-wrap elementor-element-populated\">\n\t\t\t\t\t\t<div class=\"elementor-element elementor-element-2bda6bc6 elementor-widget elementor-widget-heading\" data-id=\"2bda6bc6\" data-element_type=\"widget\" data-e-type=\"widget\" data-widget_type=\"heading.default\">\n\t\t\t\t<div class=\"elementor-widget-container\">\n\t\t\t\t\t<h1 class=\"elementor-heading-title elementor-size-default\">Online \u00f3r\u00e1k<\/h1>\t\t\t\t<\/div>\n\t\t\t\t<\/div>\n\t\t\t\t\t<\/div>\n\t\t<\/div>\n\t\t\t\t\t<\/div>\n\t\t<\/section>\n\t\t\t\t<section class=\"elementor-section elementor-top-section elementor-element elementor-element-2b8673c elementor-section-boxed elementor-section-height-default elementor-section-height-default\" data-id=\"2b8673c\" data-element_type=\"section\" data-e-type=\"section\">\n\t\t\t\t\t\t<div class=\"elementor-container elementor-column-gap-default\">\n\t\t\t\t\t<div class=\"elementor-column elementor-col-100 elementor-top-column elementor-element elementor-element-35ba06f\" data-id=\"35ba06f\" data-element_type=\"column\" data-e-type=\"column\">\n\t\t\t<div class=\"elementor-widget-wrap elementor-element-populated\">\n\t\t\t\t\t\t<div class=\"elementor-element elementor-element-caaefc9 elementor-widget elementor-widget-image\" data-id=\"caaefc9\" data-element_type=\"widget\" data-e-type=\"widget\" data-widget_type=\"image.default\">\n\t\t\t\t<div class=\"elementor-widget-container\">\n\t\t\t\t\t\t\t\t\t\t\t\t\t\t\t<img fetchpriority=\"high\" decoding=\"async\" width=\"1280\" height=\"397\" src=\"https:\/\/english-teacher-budapest.eu\/wp-content\/uploads\/2023\/08\/doyou.jpg\" class=\"attachment-full size-full wp-image-1537\" alt=\"\" srcset=\"https:\/\/english-teacher-budapest.eu\/wp-content\/uploads\/2023\/08\/doyou.jpg 1280w, https:\/\/english-teacher-budapest.eu\/wp-content\/uploads\/2023\/08\/doyou-300x93.jpg 300w, https:\/\/english-teacher-budapest.eu\/wp-content\/uploads\/2023\/08\/doyou-1024x318.jpg 1024w, https:\/\/english-teacher-budapest.eu\/wp-content\/uploads\/2023\/08\/doyou-768x238.jpg 768w\" sizes=\"(max-width: 1280px) 100vw, 1280px\" \/>\t\t\t\t\t\t\t\t\t\t\t\t\t\t\t<\/div>\n\t\t\t\t<\/div>\n\t\t\t\t\t<\/div>\n\t\t<\/div>\n\t\t\t\t\t<\/div>\n\t\t<\/section>\n\t\t\t\t<section class=\"elementor-section elementor-top-section elementor-element elementor-element-5709d940 elementor-section-full_width elementor-section-height-default elementor-section-height-default\" data-id=\"5709d940\" data-element_type=\"section\" data-e-type=\"section\">\n\t\t\t\t\t\t<div class=\"elementor-container elementor-column-gap-default\">\n\t\t\t\t\t<div class=\"elementor-column elementor-col-100 elementor-top-column elementor-element elementor-element-3744412b\" data-id=\"3744412b\" data-element_type=\"column\" data-e-type=\"column\">\n\t\t\t<div class=\"elementor-widget-wrap elementor-element-populated\">\n\t\t\t\t\t\t<div class=\"elementor-element elementor-element-1b38c75 elementor-widget elementor-widget-text-editor\" data-id=\"1b38c75\" data-element_type=\"widget\" data-e-type=\"widget\" data-widget_type=\"text-editor.default\">\n\t\t\t\t<div class=\"elementor-widget-container\">\n\t\t\t\t\t\t\t\t\tOnline \u00f3r\u00e1k - f\u0151 jellemz\u0151k\t\t\t\t\t\t\t\t<\/div>\n\t\t\t\t<\/div>\n\t\t\t\t<section class=\"elementor-section elementor-inner-section elementor-element elementor-element-52cce5b elementor-section-boxed elementor-section-height-default elementor-section-height-default\" data-id=\"52cce5b\" data-element_type=\"section\" data-e-type=\"section\">\n\t\t\t\t\t\t<div class=\"elementor-container elementor-column-gap-default\">\n\t\t\t\t\t<div class=\"elementor-column elementor-col-100 elementor-inner-column elementor-element elementor-element-30c6da16\" data-id=\"30c6da16\" data-element_type=\"column\" data-e-type=\"column\">\n\t\t\t<div class=\"elementor-widget-wrap elementor-element-populated\">\n\t\t\t\t\t\t<div class=\"elementor-element elementor-element-7da15b72 elementor-widget elementor-widget-text-editor\" data-id=\"7da15b72\" data-element_type=\"widget\" data-e-type=\"widget\" data-widget_type=\"text-editor.default\">\n\t\t\t\t<div class=\"elementor-widget-container\">\n\t\t\t\t\t\t\t\t\t<p>Alacsony k\u00e9sleltet\u00e9s\u0171, gyors, vezet\u00e9kes internetkapcsolat 900-950 MB\/mp sebess\u00e9g\u0171 le- \u00e9s felt\u00f6lt\u00e9si sebess\u00e9ggel.<\/p><p>Dokumentumkamera a k\u00f6nyvek val\u00f3di p\u00e9ld\u00e1nyainak megjelen\u00edt\u00e9s\u00e9hez.<\/p><p>Speci\u00e1lis szoftver a k\u00f6nyvek feliratoz\u00e1s\u00e1ra, f\u00e1jl-, k\u00e9p- \u00e9s vide\u00f3megoszt\u00e1sra.<\/p><p>Tizenegy video konferencia platform t\u00e1mogat\u00e1sa, k\u00f6zt\u00fck a Zoom, a Google Meet, a Microsoft Teams, a WeChat \u00e9s a Tencent meeting.<\/p><p>Nagy felbont\u00e1s\u00fa kamer\u00e1k, amelyek a tan\u00e1rt \u00e9s a tan\u00e1rseg\u00e9det mutatj\u00e1k Kiv\u00e1l\u00f3 min\u0151s\u00e9g\u0171 hangberendez\u00e9s a tiszta hangz\u00e1s \u00e9rdek\u00e9ben.\u00a0<\/p><p>Kiv\u00e1l\u00f3 min\u0151s\u00e9g\u0171 hangberendez\u00e9s a tiszta hang\u00e9rt<\/p><p>K\u00e9tmonitoros, t\u00f6bb sz\u00e1m\u00edt\u00f3g\u00e9pes be\u00e1ll\u00edt\u00e1s a hat\u00e9konys\u00e1g \u00e9rdek\u00e9ben<\/p><p>\u00a0<\/p><p>\u00a0<\/p><p>Kifejezetten k\u00ednai di\u00e1kok sz\u00e1m\u00e1ra: -<\/p><ul><li>K\u00ednaiul besz\u00e9l\u0151 tan\u00e1rseg\u00e9d biztos\u00edt\u00e1sa, am\u00edg a di\u00e1k gond n\u00e9lk\u00fcl el tudja v\u00e9gezni a leck\u00e9ket.<\/li><li>Hardveres ford\u00edt\u00f3 \u00e9l\u0151 feliratoz\u00e1ssal \/ az elhangzott szavaim r\u00f6gz\u00edt\u00e9s\u00e9vel.<\/li><li>Szinkronford\u00edt\u00e1s (r\u00e9szben m\u0171k\u00f6dik \u00e9s m\u00e9g fejleszt\u00e9s alatt \u00e1ll).<\/li><\/ul>\t\t\t\t\t\t\t\t<\/div>\n\t\t\t\t<\/div>\n\t\t\t\t\t<\/div>\n\t\t<\/div>\n\t\t\t\t\t<\/div>\n\t\t<\/section>\n\t\t\t\t<section class=\"elementor-section elementor-inner-section elementor-element elementor-element-17cd1e9 elementor-section-boxed elementor-section-height-default elementor-section-height-default\" data-id=\"17cd1e9\" data-element_type=\"section\" data-e-type=\"section\">\n\t\t\t\t\t\t<div class=\"elementor-container elementor-column-gap-default\">\n\t\t\t\t\t<div class=\"elementor-column elementor-col-33 elementor-inner-column elementor-element elementor-element-430b8d3\" data-id=\"430b8d3\" data-element_type=\"column\" data-e-type=\"column\">\n\t\t\t<div class=\"elementor-widget-wrap elementor-element-populated\">\n\t\t\t\t\t\t<div class=\"elementor-element elementor-element-e6ee600 elementor-widget elementor-widget-image\" data-id=\"e6ee600\" data-element_type=\"widget\" data-e-type=\"widget\" data-widget_type=\"image.default\">\n\t\t\t\t<div class=\"elementor-widget-container\">\n\t\t\t\t\t\t\t\t\t\t\t\t\t\t\t<img decoding=\"async\" width=\"1024\" height=\"914\" src=\"https:\/\/english-teacher-budapest.eu\/wp-content\/uploads\/2023\/08\/d1-1024x914.jpg\" class=\"attachment-large size-large wp-image-1538\" alt=\"\" srcset=\"https:\/\/english-teacher-budapest.eu\/wp-content\/uploads\/2023\/08\/d1-1024x914.jpg 1024w, https:\/\/english-teacher-budapest.eu\/wp-content\/uploads\/2023\/08\/d1-300x268.jpg 300w, https:\/\/english-teacher-budapest.eu\/wp-content\/uploads\/2023\/08\/d1-768x685.jpg 768w, https:\/\/english-teacher-budapest.eu\/wp-content\/uploads\/2023\/08\/d1.jpg 1280w\" sizes=\"(max-width: 1024px) 100vw, 1024px\" \/>\t\t\t\t\t\t\t\t\t\t\t\t\t\t\t<\/div>\n\t\t\t\t<\/div>\n\t\t\t\t<div class=\"elementor-element elementor-element-f41035a elementor-widget elementor-widget-image\" data-id=\"f41035a\" data-element_type=\"widget\" data-e-type=\"widget\" data-widget_type=\"image.default\">\n\t\t\t\t<div class=\"elementor-widget-container\">\n\t\t\t\t\t\t\t\t\t\t\t\t\t\t\t<img decoding=\"async\" width=\"1024\" height=\"693\" src=\"https:\/\/english-teacher-budapest.eu\/wp-content\/uploads\/2023\/08\/d3-1024x693.jpg\" class=\"attachment-large size-large wp-image-1540\" alt=\"\" srcset=\"https:\/\/english-teacher-budapest.eu\/wp-content\/uploads\/2023\/08\/d3-1024x693.jpg 1024w, https:\/\/english-teacher-budapest.eu\/wp-content\/uploads\/2023\/08\/d3-300x203.jpg 300w, https:\/\/english-teacher-budapest.eu\/wp-content\/uploads\/2023\/08\/d3-768x520.jpg 768w, https:\/\/english-teacher-budapest.eu\/wp-content\/uploads\/2023\/08\/d3.jpg 1080w\" sizes=\"(max-width: 1024px) 100vw, 1024px\" \/>\t\t\t\t\t\t\t\t\t\t\t\t\t\t\t<\/div>\n\t\t\t\t<\/div>\n\t\t\t\t\t<\/div>\n\t\t<\/div>\n\t\t\t\t<div class=\"elementor-column elementor-col-33 elementor-inner-column elementor-element elementor-element-3074c07\" data-id=\"3074c07\" data-element_type=\"column\" data-e-type=\"column\">\n\t\t\t<div class=\"elementor-widget-wrap elementor-element-populated\">\n\t\t\t\t\t\t<div class=\"elementor-element elementor-element-9c6b512 elementor-widget elementor-widget-image\" data-id=\"9c6b512\" data-element_type=\"widget\" data-e-type=\"widget\" data-widget_type=\"image.default\">\n\t\t\t\t<div class=\"elementor-widget-container\">\n\t\t\t\t\t\t\t\t\t\t\t\t\t\t\t<img loading=\"lazy\" decoding=\"async\" width=\"1024\" height=\"914\" src=\"https:\/\/english-teacher-budapest.eu\/wp-content\/uploads\/2023\/08\/d2-1024x914.jpg\" class=\"attachment-large size-large wp-image-1539\" alt=\"\" srcset=\"https:\/\/english-teacher-budapest.eu\/wp-content\/uploads\/2023\/08\/d2-1024x914.jpg 1024w, https:\/\/english-teacher-budapest.eu\/wp-content\/uploads\/2023\/08\/d2-300x268.jpg 300w, https:\/\/english-teacher-budapest.eu\/wp-content\/uploads\/2023\/08\/d2-768x685.jpg 768w, https:\/\/english-teacher-budapest.eu\/wp-content\/uploads\/2023\/08\/d2.jpg 1280w\" sizes=\"(max-width: 1024px) 100vw, 1024px\" \/>\t\t\t\t\t\t\t\t\t\t\t\t\t\t\t<\/div>\n\t\t\t\t<\/div>\n\t\t\t\t<div class=\"elementor-element elementor-element-41a2734 elementor-widget elementor-widget-image\" data-id=\"41a2734\" data-element_type=\"widget\" data-e-type=\"widget\" data-widget_type=\"image.default\">\n\t\t\t\t<div class=\"elementor-widget-container\">\n\t\t\t\t\t\t\t\t\t\t\t\t\t\t\t<img loading=\"lazy\" decoding=\"async\" width=\"801\" height=\"537\" src=\"https:\/\/english-teacher-budapest.eu\/wp-content\/uploads\/2023\/08\/d4.jpg\" class=\"attachment-large size-large wp-image-1541\" alt=\"\" srcset=\"https:\/\/english-teacher-budapest.eu\/wp-content\/uploads\/2023\/08\/d4.jpg 801w, https:\/\/english-teacher-budapest.eu\/wp-content\/uploads\/2023\/08\/d4-300x201.jpg 300w, https:\/\/english-teacher-budapest.eu\/wp-content\/uploads\/2023\/08\/d4-768x515.jpg 768w\" sizes=\"(max-width: 801px) 100vw, 801px\" \/>\t\t\t\t\t\t\t\t\t\t\t\t\t\t\t<\/div>\n\t\t\t\t<\/div>\n\t\t\t\t\t<\/div>\n\t\t<\/div>\n\t\t\t\t<div class=\"elementor-column elementor-col-33 elementor-inner-column elementor-element elementor-element-ac9ca05\" data-id=\"ac9ca05\" data-element_type=\"column\" data-e-type=\"column\">\n\t\t\t<div class=\"elementor-widget-wrap elementor-element-populated\">\n\t\t\t\t\t\t<div class=\"elementor-element elementor-element-cd4aea3 elementor-widget elementor-widget-image\" data-id=\"cd4aea3\" data-element_type=\"widget\" data-e-type=\"widget\" data-widget_type=\"image.default\">\n\t\t\t\t<div class=\"elementor-widget-container\">\n\t\t\t\t\t\t\t\t\t\t\t\t\t\t\t<img loading=\"lazy\" decoding=\"async\" width=\"626\" height=\"1024\" src=\"https:\/\/english-teacher-budapest.eu\/wp-content\/uploads\/2023\/08\/d5-626x1024.jpg\" class=\"attachment-large size-large wp-image-1542\" alt=\"\" srcset=\"https:\/\/english-teacher-budapest.eu\/wp-content\/uploads\/2023\/08\/d5-626x1024.jpg 626w, https:\/\/english-teacher-budapest.eu\/wp-content\/uploads\/2023\/08\/d5-183x300.jpg 183w, https:\/\/english-teacher-budapest.eu\/wp-content\/uploads\/2023\/08\/d5-768x1257.jpg 768w, https:\/\/english-teacher-budapest.eu\/wp-content\/uploads\/2023\/08\/d5-938x1536.jpg 938w, https:\/\/english-teacher-budapest.eu\/wp-content\/uploads\/2023\/08\/d5.jpg 1080w\" sizes=\"(max-width: 626px) 100vw, 626px\" \/>\t\t\t\t\t\t\t\t\t\t\t\t\t\t\t<\/div>\n\t\t\t\t<\/div>\n\t\t\t\t\t<\/div>\n\t\t<\/div>\n\t\t\t\t\t<\/div>\n\t\t<\/section>\n\t\t\t\t<section class=\"elementor-section elementor-inner-section elementor-element elementor-element-fdd8c8e elementor-section-boxed elementor-section-height-default elementor-section-height-default\" data-id=\"fdd8c8e\" data-element_type=\"section\" data-e-type=\"section\">\n\t\t\t\t\t\t<div class=\"elementor-container elementor-column-gap-default\">\n\t\t\t\t\t<div class=\"elementor-column elementor-col-33 elementor-inner-column elementor-element elementor-element-e09f541\" data-id=\"e09f541\" data-element_type=\"column\" data-e-type=\"column\">\n\t\t\t<div class=\"elementor-widget-wrap elementor-element-populated\">\n\t\t\t\t\t\t<div class=\"elementor-element elementor-element-b15168c elementor-widget elementor-widget-image\" data-id=\"b15168c\" data-element_type=\"widget\" data-e-type=\"widget\" data-widget_type=\"image.default\">\n\t\t\t\t<div class=\"elementor-widget-container\">\n\t\t\t\t\t\t\t\t\t\t\t\t\t\t\t<img loading=\"lazy\" decoding=\"async\" width=\"960\" height=\"564\" src=\"https:\/\/english-teacher-budapest.eu\/wp-content\/uploads\/2023\/08\/d6.jpg\" class=\"attachment-large size-large wp-image-1545\" alt=\"\" srcset=\"https:\/\/english-teacher-budapest.eu\/wp-content\/uploads\/2023\/08\/d6.jpg 960w, https:\/\/english-teacher-budapest.eu\/wp-content\/uploads\/2023\/08\/d6-300x176.jpg 300w, https:\/\/english-teacher-budapest.eu\/wp-content\/uploads\/2023\/08\/d6-768x451.jpg 768w\" sizes=\"(max-width: 960px) 100vw, 960px\" \/>\t\t\t\t\t\t\t\t\t\t\t\t\t\t\t<\/div>\n\t\t\t\t<\/div>\n\t\t\t\t\t<\/div>\n\t\t<\/div>\n\t\t\t\t<div class=\"elementor-column elementor-col-33 elementor-inner-column elementor-element elementor-element-dfeb2b9\" data-id=\"dfeb2b9\" data-element_type=\"column\" data-e-type=\"column\">\n\t\t\t<div class=\"elementor-widget-wrap elementor-element-populated\">\n\t\t\t\t\t\t<div class=\"elementor-element elementor-element-2039dad elementor-widget elementor-widget-image\" data-id=\"2039dad\" data-element_type=\"widget\" data-e-type=\"widget\" data-widget_type=\"image.default\">\n\t\t\t\t<div class=\"elementor-widget-container\">\n\t\t\t\t\t\t\t\t\t\t\t\t\t\t\t<img loading=\"lazy\" decoding=\"async\" width=\"1024\" height=\"602\" src=\"https:\/\/english-teacher-budapest.eu\/wp-content\/uploads\/2023\/08\/d7-1024x602.jpg\" class=\"attachment-large size-large wp-image-1544\" alt=\"\" srcset=\"https:\/\/english-teacher-budapest.eu\/wp-content\/uploads\/2023\/08\/d7-1024x602.jpg 1024w, https:\/\/english-teacher-budapest.eu\/wp-content\/uploads\/2023\/08\/d7-300x176.jpg 300w, https:\/\/english-teacher-budapest.eu\/wp-content\/uploads\/2023\/08\/d7-768x451.jpg 768w, https:\/\/english-teacher-budapest.eu\/wp-content\/uploads\/2023\/08\/d7.jpg 1079w\" sizes=\"(max-width: 1024px) 100vw, 1024px\" \/>\t\t\t\t\t\t\t\t\t\t\t\t\t\t\t<\/div>\n\t\t\t\t<\/div>\n\t\t\t\t\t<\/div>\n\t\t<\/div>\n\t\t\t\t<div class=\"elementor-column elementor-col-33 elementor-inner-column elementor-element elementor-element-0595ded\" data-id=\"0595ded\" data-element_type=\"column\" data-e-type=\"column\">\n\t\t\t<div class=\"elementor-widget-wrap elementor-element-populated\">\n\t\t\t\t\t\t<div class=\"elementor-element elementor-element-eee29e3 elementor-widget elementor-widget-image\" data-id=\"eee29e3\" data-element_type=\"widget\" data-e-type=\"widget\" data-widget_type=\"image.default\">\n\t\t\t\t<div class=\"elementor-widget-container\">\n\t\t\t\t\t\t\t\t\t\t\t\t\t\t\t<img loading=\"lazy\" decoding=\"async\" width=\"1000\" height=\"588\" src=\"https:\/\/english-teacher-budapest.eu\/wp-content\/uploads\/2023\/08\/d8.jpg\" class=\"attachment-large size-large wp-image-1543\" alt=\"\" srcset=\"https:\/\/english-teacher-budapest.eu\/wp-content\/uploads\/2023\/08\/d8.jpg 1000w, https:\/\/english-teacher-budapest.eu\/wp-content\/uploads\/2023\/08\/d8-300x176.jpg 300w, https:\/\/english-teacher-budapest.eu\/wp-content\/uploads\/2023\/08\/d8-768x452.jpg 768w\" sizes=\"(max-width: 1000px) 100vw, 1000px\" \/>\t\t\t\t\t\t\t\t\t\t\t\t\t\t\t<\/div>\n\t\t\t\t<\/div>\n\t\t\t\t\t<\/div>\n\t\t<\/div>\n\t\t\t\t\t<\/div>\n\t\t<\/section>\n\t\t\t\t<section class=\"elementor-section elementor-inner-section elementor-element elementor-element-faa2113 elementor-section-boxed elementor-section-height-default elementor-section-height-default\" data-id=\"faa2113\" data-element_type=\"section\" data-e-type=\"section\">\n\t\t\t\t\t\t<div class=\"elementor-container elementor-column-gap-default\">\n\t\t\t\t\t<div class=\"elementor-column elementor-col-50 elementor-inner-column elementor-element elementor-element-7ebea501\" data-id=\"7ebea501\" data-element_type=\"column\" data-e-type=\"column\">\n\t\t\t<div class=\"elementor-widget-wrap\">\n\t\t\t\t\t\t\t<\/div>\n\t\t<\/div>\n\t\t\t\t<div class=\"elementor-column elementor-col-50 elementor-inner-column elementor-element elementor-element-e07c165\" data-id=\"e07c165\" data-element_type=\"column\" data-e-type=\"column\">\n\t\t\t<div class=\"elementor-widget-wrap elementor-element-populated\">\n\t\t\t\t\t\t<div class=\"elementor-element elementor-element-79ad90e7 elementor-align-justify elementor-widget__width-initial elementor-widget elementor-widget-button\" data-id=\"79ad90e7\" data-element_type=\"widget\" data-e-type=\"widget\" data-widget_type=\"button.default\">\n\t\t\t\t<div class=\"elementor-widget-container\">\n\t\t\t\t\t\t\t\t\t<div class=\"elementor-button-wrapper\">\n\t\t\t\t\t<a class=\"elementor-button elementor-button-link elementor-size-xl\" href=\"https:\/\/english-teacher-budapest.eu\/hu\/\">\n\t\t\t\t\t\t<span class=\"elementor-button-content-wrapper\">\n\t\t\t\t\t\t\t\t\t<span class=\"elementor-button-text\">F\u0151oldal<\/span>\n\t\t\t\t\t<\/span>\n\t\t\t\t\t<\/a>\n\t\t\t\t<\/div>\n\t\t\t\t\t\t\t\t<\/div>\n\t\t\t\t<\/div>\n\t\t\t\t\t<\/div>\n\t\t<\/div>\n\t\t\t\t\t<\/div>\n\t\t<\/section>\n\t\t\t\t\t<\/div>\n\t\t<\/div>\n\t\t\t\t\t<\/div>\n\t\t<\/section>\n\t\t\t\t<section class=\"elementor-section elementor-top-section elementor-element elementor-element-1b25116 elementor-section-boxed elementor-section-height-default elementor-section-height-default\" data-id=\"1b25116\" data-element_type=\"section\" data-e-type=\"section\">\n\t\t\t\t\t\t<div class=\"elementor-container elementor-column-gap-default\">\n\t\t\t\t\t<div class=\"elementor-column elementor-col-100 elementor-top-column elementor-element elementor-element-0850d05\" data-id=\"0850d05\" data-element_type=\"column\" data-e-type=\"column\">\n\t\t\t<div class=\"elementor-widget-wrap\">\n\t\t\t\t\t\t\t<\/div>\n\t\t<\/div>\n\t\t\t\t\t<\/div>\n\t\t<\/section>\n\t\t\t\t<\/div>","protected":false},"excerpt":{"rendered":"<p>Online lessons Online lessons &#8211; main features Low latency, fast, wired internet connection with both download and upload running at 900-950 MB\/sec Document camera for displaying real copies of books Dedicated software for overlay annotation of the books, file, image and video sharing Support for eleven videoconferencing platforms including Zoom, Google Meet, Microsoft teams, WeChat\u00a0and &hellip;<\/p>\n<p class=\"read-more\"> <a class=\"\" href=\"https:\/\/english-teacher-budapest.eu\/hu\/online-lessons\/\"> <span class=\"screen-reader-text\">Online \u00f3r\u00e1k<\/span> Read More &raquo;<\/a><\/p>","protected":false},"author":1,"featured_media":0,"parent":0,"menu_order":0,"comment_status":"closed","ping_status":"closed","template":"","meta":{"site-sidebar-layout":"no-sidebar","site-content-layout":"page-builder","ast-site-content-layout":"full-width-container","site-content-style":"unboxed","site-sidebar-style":"unboxed","ast-global-header-display":"","ast-banner-title-visibility":"","ast-main-header-display":"","ast-hfb-above-header-display":"","ast-hfb-below-header-display":"","ast-hfb-mobile-header-display":"","site-post-title":"disabled","ast-breadcrumbs-content":"","ast-featured-img":"disabled","footer-sml-layout":"","theme-transparent-header-meta":"disabled","adv-header-id-meta":"","stick-header-meta":"enabled","header-above-stick-meta":"","header-main-stick-meta":"disabled","header-below-stick-meta":"","astra-migrate-meta-layouts":"set","footnotes":""},"class_list":["post-1533","page","type-page","status-publish","hentry"],"_links":{"self":[{"href":"https:\/\/english-teacher-budapest.eu\/hu\/wp-json\/wp\/v2\/pages\/1533","targetHints":{"allow":["GET"]}}],"collection":[{"href":"https:\/\/english-teacher-budapest.eu\/hu\/wp-json\/wp\/v2\/pages"}],"about":[{"href":"https:\/\/english-teacher-budapest.eu\/hu\/wp-json\/wp\/v2\/types\/page"}],"author":[{"embeddable":true,"href":"https:\/\/english-teacher-budapest.eu\/hu\/wp-json\/wp\/v2\/users\/1"}],"replies":[{"embeddable":true,"href":"https:\/\/english-teacher-budapest.eu\/hu\/wp-json\/wp\/v2\/comments?post=1533"}],"version-history":[{"count":42,"href":"https:\/\/english-teacher-budapest.eu\/hu\/wp-json\/wp\/v2\/pages\/1533\/revisions"}],"predecessor-version":[{"id":2157,"href":"https:\/\/english-teacher-budapest.eu\/hu\/wp-json\/wp\/v2\/pages\/1533\/revisions\/2157"}],"wp:attachment":[{"href":"https:\/\/english-teacher-budapest.eu\/hu\/wp-json\/wp\/v2\/media?parent=1533"}],"curies":[{"name":"wp","href":"https:\/\/api.w.org\/{rel}","templated":true}]}}