{"id":1582,"date":"2023-08-14T08:25:56","date_gmt":"2023-08-14T08:25:56","guid":{"rendered":"https:\/\/english-teacher-budapest.eu\/?page_id=1582"},"modified":"2023-09-08T18:55:57","modified_gmt":"2023-09-08T18:55:57","slug":"about-me","status":"publish","type":"page","link":"https:\/\/english-teacher-budapest.eu\/hu\/about-me\/","title":{"rendered":"Ismerj meg"},"content":{"rendered":"<div data-elementor-type=\"wp-page\" data-elementor-id=\"1582\" class=\"elementor elementor-1582\">\n\t\t\t\t\t\t<section class=\"elementor-section elementor-top-section elementor-element elementor-element-23d2bb48 elementor-section-height-min-height elementor-section-boxed elementor-section-height-default elementor-section-items-middle\" data-id=\"23d2bb48\" data-element_type=\"section\" data-e-type=\"section\" data-settings=\"{&quot;background_background&quot;:&quot;classic&quot;}\">\n\t\t\t\t\t\t<div class=\"elementor-container elementor-column-gap-default\">\n\t\t\t\t\t<div class=\"elementor-column elementor-col-100 elementor-top-column elementor-element elementor-element-2ab30fad\" data-id=\"2ab30fad\" data-element_type=\"column\" data-e-type=\"column\">\n\t\t\t<div class=\"elementor-widget-wrap elementor-element-populated\">\n\t\t\t\t\t\t<div class=\"elementor-element elementor-element-42095e08 elementor-widget elementor-widget-heading\" data-id=\"42095e08\" data-element_type=\"widget\" data-e-type=\"widget\" data-widget_type=\"heading.default\">\n\t\t\t\t<div class=\"elementor-widget-container\">\n\t\t\t\t\t<h1 class=\"elementor-heading-title elementor-size-default\">Ismerj meg<\/h1>\t\t\t\t<\/div>\n\t\t\t\t<\/div>\n\t\t\t\t\t<\/div>\n\t\t<\/div>\n\t\t\t\t\t<\/div>\n\t\t<\/section>\n\t\t\t\t<section class=\"elementor-section elementor-top-section elementor-element elementor-element-329e7b1b elementor-section-full_width elementor-section-height-default elementor-section-height-default\" data-id=\"329e7b1b\" data-element_type=\"section\" data-e-type=\"section\" data-settings=\"{&quot;background_background&quot;:&quot;classic&quot;}\">\n\t\t\t\t\t\t<div class=\"elementor-container elementor-column-gap-default\">\n\t\t\t\t\t<div class=\"elementor-column elementor-col-100 elementor-top-column elementor-element elementor-element-447f42a5\" data-id=\"447f42a5\" data-element_type=\"column\" data-e-type=\"column\">\n\t\t\t<div class=\"elementor-widget-wrap elementor-element-populated\">\n\t\t\t\t\t\t<section class=\"elementor-section elementor-inner-section elementor-element elementor-element-edc74a8 elementor-section-boxed elementor-section-height-default elementor-section-height-default\" data-id=\"edc74a8\" data-element_type=\"section\" data-e-type=\"section\">\n\t\t\t\t\t\t<div class=\"elementor-container elementor-column-gap-default\">\n\t\t\t\t\t<div class=\"elementor-column elementor-col-50 elementor-inner-column elementor-element elementor-element-7106903\" data-id=\"7106903\" data-element_type=\"column\" data-e-type=\"column\">\n\t\t\t<div class=\"elementor-widget-wrap elementor-element-populated\">\n\t\t\t\t\t\t<div class=\"elementor-element elementor-element-d8f1c7a elementor-widget elementor-widget-image\" data-id=\"d8f1c7a\" data-element_type=\"widget\" data-e-type=\"widget\" data-widget_type=\"image.default\">\n\t\t\t\t<div class=\"elementor-widget-container\">\n\t\t\t\t\t\t\t\t\t\t\t\t\t\t\t<img decoding=\"async\" src=\"https:\/\/english-teacher-budapest.eu\/wp-content\/uploads\/elementor\/thumbs\/IMG_20200423_184836-scaled-qan4pfhvume5gaklri6twg6dohnyv4lliyuah3rs1q.jpg\" title=\"IMG_20200423_184836\" alt=\"IMG_20200423_184836\" loading=\"lazy\" \/>\t\t\t\t\t\t\t\t\t\t\t\t\t\t\t<\/div>\n\t\t\t\t<\/div>\n\t\t\t\t\t<\/div>\n\t\t<\/div>\n\t\t\t\t<div class=\"elementor-column elementor-col-50 elementor-inner-column elementor-element elementor-element-b7ae725\" data-id=\"b7ae725\" data-element_type=\"column\" data-e-type=\"column\">\n\t\t\t<div class=\"elementor-widget-wrap elementor-element-populated\">\n\t\t\t\t\t\t<div class=\"elementor-element elementor-element-1a57519 elementor-widget elementor-widget-text-editor\" data-id=\"1a57519\" data-element_type=\"widget\" data-e-type=\"widget\" data-widget_type=\"text-editor.default\">\n\t\t\t\t<div class=\"elementor-widget-container\">\n\t\t\t\t\t\t\t\t\t<p><span style=\"color: #212121; font-family: Merriweather, serif; font-variant-ligatures: none;\">A nevem Anthony Reed, \u00e9s elektronika szakon v\u00e9geztem az egyetemen. Van egy \u00fczleti diplom\u00e1m is, \u00e9s idegennyelvi angol tan\u00e1rk\u00e9nt is k\u00e9pzett vagyok. M\u00e9rn\u00f6kk\u00e9nt kezdtem el dolgozni, \u00e9s m\u00e1soddiplom\u00e1t szereztem menedzsment tanulm\u00e1nyokb\u00f3l. K\u00f6zel t\u00edz \u00e9vet t\u00f6lt\u00f6ttem \u00fczleti tan\u00e1csad\u00f3k\u00e9nt. Eg\u00e9sz \u00e9letemben az angol nyelv tan\u00edt\u00e1sa volt a hobbim. Kezdetben spanyol di\u00e1kokat, majd magyarokat \u00e9s k\u00ednaiakat tan\u00edtottam. N\u00e9h\u00e1ny \u00e9ve abbahagytam a munk\u00e1t, \u00e9s j\u00f3 n\u00e9h\u00e1ny \u00e9vig bej\u00e1rtam a vil\u00e1got. A hobbimnak h\u00f3dolva t\u00e9rtem vissza a munkaer\u0151piacra.\u00a0<\/span><\/p>\t\t\t\t\t\t\t\t<\/div>\n\t\t\t\t<\/div>\n\t\t\t\t<div class=\"elementor-element elementor-element-62bea695 elementor-widget__width-inherit elementor-align-justify elementor-widget elementor-widget-button\" data-id=\"62bea695\" data-element_type=\"widget\" data-e-type=\"widget\" data-widget_type=\"button.default\">\n\t\t\t\t<div class=\"elementor-widget-container\">\n\t\t\t\t\t\t\t\t\t<div class=\"elementor-button-wrapper\">\n\t\t\t\t\t<a class=\"elementor-button elementor-button-link elementor-size-xl\" href=\"https:\/\/english-teacher-budapest.eu\/hu\/\">\n\t\t\t\t\t\t<span class=\"elementor-button-content-wrapper\">\n\t\t\t\t\t\t\t\t\t<span class=\"elementor-button-text\">F\u0151oldal<\/span>\n\t\t\t\t\t<\/span>\n\t\t\t\t\t<\/a>\n\t\t\t\t<\/div>\n\t\t\t\t\t\t\t\t<\/div>\n\t\t\t\t<\/div>\n\t\t\t\t\t<\/div>\n\t\t<\/div>\n\t\t\t\t\t<\/div>\n\t\t<\/section>\n\t\t\t\t\t<\/div>\n\t\t<\/div>\n\t\t\t\t\t<\/div>\n\t\t<\/section>\n\t\t\t\t<\/div>","protected":false},"excerpt":{"rendered":"<p>About me My name is Anthony Reed and I&#8217;m a university graduate with a degree in electronics. I also have a business diploma and am qualified as a foreign language English teacher.\u00a0 I started work as an engineer and gained a secondary qualification in management studies. I spent nearly ten years as a business consultant. &hellip;<\/p>\n<p class=\"read-more\"> <a class=\"\" href=\"https:\/\/english-teacher-budapest.eu\/hu\/about-me\/\"> <span class=\"screen-reader-text\">Ismerj meg<\/span> Read More &raquo;<\/a><\/p>","protected":false},"author":1,"featured_media":0,"parent":0,"menu_order":0,"comment_status":"closed","ping_status":"closed","template":"","meta":{"site-sidebar-layout":"no-sidebar","site-content-layout":"page-builder","ast-site-content-layout":"","site-content-style":"default","site-sidebar-style":"default","ast-global-header-display":"","ast-banner-title-visibility":"","ast-main-header-display":"","ast-hfb-above-header-display":"","ast-hfb-below-header-display":"","ast-hfb-mobile-header-display":"","site-post-title":"disabled","ast-breadcrumbs-content":"","ast-featured-img":"disabled","footer-sml-layout":"","theme-transparent-header-meta":"disabled","adv-header-id-meta":"","stick-header-meta":"enabled","header-above-stick-meta":"","header-main-stick-meta":"disabled","header-below-stick-meta":"","astra-migrate-meta-layouts":"","footnotes":""},"class_list":["post-1582","page","type-page","status-publish","hentry"],"_links":{"self":[{"href":"https:\/\/english-teacher-budapest.eu\/hu\/wp-json\/wp\/v2\/pages\/1582","targetHints":{"allow":["GET"]}}],"collection":[{"href":"https:\/\/english-teacher-budapest.eu\/hu\/wp-json\/wp\/v2\/pages"}],"about":[{"href":"https:\/\/english-teacher-budapest.eu\/hu\/wp-json\/wp\/v2\/types\/page"}],"author":[{"embeddable":true,"href":"https:\/\/english-teacher-budapest.eu\/hu\/wp-json\/wp\/v2\/users\/1"}],"replies":[{"embeddable":true,"href":"https:\/\/english-teacher-budapest.eu\/hu\/wp-json\/wp\/v2\/comments?post=1582"}],"version-history":[{"count":50,"href":"https:\/\/english-teacher-budapest.eu\/hu\/wp-json\/wp\/v2\/pages\/1582\/revisions"}],"predecessor-version":[{"id":2068,"href":"https:\/\/english-teacher-budapest.eu\/hu\/wp-json\/wp\/v2\/pages\/1582\/revisions\/2068"}],"wp:attachment":[{"href":"https:\/\/english-teacher-budapest.eu\/hu\/wp-json\/wp\/v2\/media?parent=1582"}],"curies":[{"name":"wp","href":"https:\/\/api.w.org\/{rel}","templated":true}]}}